{"id":481,"date":"2020-04-28T11:27:31","date_gmt":"2020-04-28T09:27:31","guid":{"rendered":"https:\/\/menuiserie-artdubois84.fr\/?page_id=481"},"modified":"2020-05-18T08:59:09","modified_gmt":"2020-05-18T06:59:09","slug":"bibliotheque-sur-mesure-isle-sur-sorgue","status":"publish","type":"page","link":"https:\/\/menuiserie-artdubois84.fr\/?page_id=481","title":{"rendered":"biblioth\u00e8que"},"content":{"rendered":"\t\t<div data-elementor-type=\"wp-page\" data-elementor-id=\"481\" class=\"elementor elementor-481\" data-elementor-settings=\"[]\">\n\t\t\t\t\t\t<div class=\"elementor-inner\">\n\t\t\t\t\t\t\t<div class=\"elementor-section-wrap\">\n\t\t\t\t\t\t\t<section class=\"elementor-section elementor-top-section elementor-element elementor-element-a69641c elementor-section-boxed elementor-section-height-default elementor-section-height-default\" data-id=\"a69641c\" data-element_type=\"section\">\n\t\t\t\t\t\t<div class=\"elementor-container elementor-column-gap-default\">\n\t\t\t\t\t\t\t<div class=\"elementor-row\">\n\t\t\t\t\t<div class=\"elementor-column elementor-col-100 elementor-top-column elementor-element elementor-element-3e7547b\" data-id=\"3e7547b\" data-element_type=\"column\">\n\t\t\t<div class=\"elementor-column-wrap elementor-element-populated\">\n\t\t\t\t\t\t\t<div class=\"elementor-widget-wrap\">\n\t\t\t\t\t\t<div class=\"elementor-element elementor-element-82a7d5f elementor-widget elementor-widget-heading\" data-id=\"82a7d5f\" data-element_type=\"widget\" data-widget_type=\"heading.default\">\n\t\t\t\t<div class=\"elementor-widget-container\">\n\t\t\t<h2 class=\"elementor-heading-title elementor-size-large\">R\u00e9alisation Biblioth\u00e8que Art du Bois<\/h2>\t\t<\/div>\n\t\t\t\t<\/div>\n\t\t\t\t\t\t<\/div>\n\t\t\t\t\t<\/div>\n\t\t<\/div>\n\t\t\t\t\t\t\t\t<\/div>\n\t\t\t\t\t<\/div>\n\t\t<\/section>\n\t\t\t\t<section class=\"elementor-section elementor-top-section elementor-element elementor-element-edd0752 elementor-section-boxed elementor-section-height-default elementor-section-height-default\" data-id=\"edd0752\" data-element_type=\"section\">\n\t\t\t\t\t\t<div class=\"elementor-container elementor-column-gap-default\">\n\t\t\t\t\t\t\t<div class=\"elementor-row\">\n\t\t\t\t\t<div class=\"elementor-column elementor-col-100 elementor-top-column elementor-element elementor-element-4e6c359\" data-id=\"4e6c359\" data-element_type=\"column\">\n\t\t\t<div class=\"elementor-column-wrap elementor-element-populated\">\n\t\t\t\t\t\t\t<div class=\"elementor-widget-wrap\">\n\t\t\t\t\t\t<div class=\"elementor-element elementor-element-ec8fb40 elementor-arrows-position-outside elementor-pagination-position-outside elementor-widget elementor-widget-image-carousel\" data-id=\"ec8fb40\" data-element_type=\"widget\" data-settings=\"{&quot;slides_to_show&quot;:&quot;3&quot;,&quot;slides_to_scroll&quot;:&quot;3&quot;,&quot;navigation&quot;:&quot;both&quot;,&quot;autoplay&quot;:&quot;yes&quot;,&quot;pause_on_hover&quot;:&quot;yes&quot;,&quot;pause_on_interaction&quot;:&quot;yes&quot;,&quot;autoplay_speed&quot;:5000,&quot;infinite&quot;:&quot;yes&quot;,&quot;speed&quot;:500}\" data-widget_type=\"image-carousel.default\">\n\t\t\t\t<div class=\"elementor-widget-container\">\n\t\t\t\t\t<div class=\"elementor-image-carousel-wrapper swiper-container\" dir=\"ltr\">\n\t\t\t<div class=\"elementor-image-carousel swiper-wrapper\">\n\t\t\t\t\t\t\t\t<div class=\"swiper-slide\"><figure class=\"swiper-slide-inner\"><img decoding=\"async\" class=\"swiper-slide-image\" src=\"https:\/\/menuiserie-artdubois84.fr\/wp-content\/uploads\/elementor\/thumbs\/DSCF9718-oop5cwb0ql2cb8hwkfrteibpzr4m8gtz1n95a8rnaw.jpg\" alt=\"bibliotheque murale sur mesure\" \/><figcaption class=\"elementor-image-carousel-caption\">bibliotheque murale sur mesure<\/figcaption><\/figure><\/div><div class=\"swiper-slide\"><figure class=\"swiper-slide-inner\"><img decoding=\"async\" class=\"swiper-slide-image\" src=\"https:\/\/menuiserie-artdubois84.fr\/wp-content\/uploads\/elementor\/thumbs\/DSCF0295-oop5b85cl6rzo6xabproyxi7z3d4ju75hdi2kj8ud4.jpg\" alt=\"bibliotheque tete de lit\" \/><figcaption class=\"elementor-image-carousel-caption\">bibliotheque tete de lit<\/figcaption><\/figure><\/div><div class=\"swiper-slide\"><figure class=\"swiper-slide-inner\"><img decoding=\"async\" class=\"swiper-slide-image\" src=\"https:\/\/menuiserie-artdubois84.fr\/wp-content\/uploads\/elementor\/thumbs\/DSCF0275-oop5b4dztumudr2qxo56oygdljvnp1s84uw4nfef20.jpg\" alt=\"bureau bibliotheque\" \/><figcaption class=\"elementor-image-carousel-caption\">bureau bibliotheque<\/figcaption><\/figure><\/div><div class=\"swiper-slide\"><figure class=\"swiper-slide-inner\"><img decoding=\"async\" class=\"swiper-slide-image\" src=\"https:\/\/menuiserie-artdubois84.fr\/wp-content\/uploads\/elementor\/thumbs\/DSCF0322-oop5bhjqhj4uwajmsttynv4twy2sot8guo0xdauwmw.jpg\" alt=\"bibliotheque murale\" \/><figcaption class=\"elementor-image-carousel-caption\">bibliotheque murale<\/figcaption><\/figure><\/div><div class=\"swiper-slide\"><figure class=\"swiper-slide-inner\"><img decoding=\"async\" class=\"swiper-slide-image\" src=\"https:\/\/menuiserie-artdubois84.fr\/wp-content\/uploads\/elementor\/thumbs\/10351582_10202977092139713_3781042958144647929_n-oop57mfme1uf605pd5p6eu8lzx4h1lw6zjh2ccl67s.jpg\" alt=\"biblioth\u00e8que sur mesure\" \/><figcaption class=\"elementor-image-carousel-caption\">biblioth\u00e8que sur mesure<\/figcaption><\/figure><\/div><div class=\"swiper-slide\"><figure class=\"swiper-slide-inner\"><img decoding=\"async\" class=\"swiper-slide-image\" src=\"https:\/\/menuiserie-artdubois84.fr\/wp-content\/uploads\/elementor\/thumbs\/20141222_104346-oooq1pq15yjcax4d36pgalj5vru6lyoaljl4f20fy0.jpg\" alt=\"biblioth\u00e8que sur mesure\" \/><figcaption class=\"elementor-image-carousel-caption\">biblioth\u00e8que sur mesure<\/figcaption><\/figure><\/div><div class=\"swiper-slide\"><figure class=\"swiper-slide-inner\"><img decoding=\"async\" class=\"swiper-slide-image\" src=\"https:\/\/menuiserie-artdubois84.fr\/wp-content\/uploads\/elementor\/thumbs\/IMAG0214-oop5g13nipcr0fy29sj1ppv19zonw59rh5jevg4ek8.jpg\" alt=\"biblioth\u00e8que sur mesure\" \/><figcaption class=\"elementor-image-carousel-caption\">biblioth\u00e8que sur mesure<\/figcaption><\/figure><\/div><div class=\"swiper-slide\"><figure class=\"swiper-slide-inner\"><img decoding=\"async\" class=\"swiper-slide-image\" src=\"https:\/\/menuiserie-artdubois84.fr\/wp-content\/uploads\/elementor\/thumbs\/IMAG1271-oop5gyxucqn2mekws75m7hbmnv1vl903lt0w5eq8c8.jpg\" alt=\"sur mesure \u00e9tag\u00e8re\" \/><figcaption class=\"elementor-image-carousel-caption\">sur mesure \u00e9tag\u00e8re<\/figcaption><\/figure><\/div><div class=\"swiper-slide\"><figure class=\"swiper-slide-inner\"><img decoding=\"async\" class=\"swiper-slide-image\" src=\"https:\/\/menuiserie-artdubois84.fr\/wp-content\/uploads\/elementor\/thumbs\/IMAG0935-oop5gtat7qfcoqt3p4pusiqv3jtob2dpl13z9qyldk.jpg\" alt=\"etag\u00e8re murale\" \/><figcaption class=\"elementor-image-carousel-caption\">etag\u00e8re murale<\/figcaption><\/figure><\/div><div class=\"swiper-slide\"><figure class=\"swiper-slide-inner\"><img decoding=\"async\" class=\"swiper-slide-image\" src=\"https:\/\/menuiserie-artdubois84.fr\/wp-content\/uploads\/elementor\/thumbs\/IMAG0934-oop5golm9k8x2ozxgkopy1xk4mgu8kv1wdujvd5k8o.jpg\" alt=\"etag\u00e8re murale sur mesure\" \/><figcaption class=\"elementor-image-carousel-caption\">etag\u00e8re murale sur mesure<\/figcaption><\/figure><\/div>\t\t\t<\/div>\n\t\t\t\t\t\t\t\t\t\t\t\t<div class=\"swiper-pagination\"><\/div>\n\t\t\t\t\t\t\t\t\t\t\t\t\t<div class=\"elementor-swiper-button elementor-swiper-button-prev\">\n\t\t\t\t\t\t<i aria-hidden=\"true\" class=\"eicon-chevron-left\"><\/i>\t\t\t\t\t\t<span class=\"elementor-screen-only\">Pr\u00e9c\u00e9dent<\/span>\n\t\t\t\t\t<\/div>\n\t\t\t\t\t<div class=\"elementor-swiper-button elementor-swiper-button-next\">\n\t\t\t\t\t\t<i aria-hidden=\"true\" class=\"eicon-chevron-right\"><\/i>\t\t\t\t\t\t<span class=\"elementor-screen-only\">Suivant<\/span>\n\t\t\t\t\t<\/div>\n\t\t\t\t\t\t\t\t\t<\/div>\n\t\t\t\t<\/div>\n\t\t\t\t<\/div>\n\t\t\t\t\t\t<\/div>\n\t\t\t\t\t<\/div>\n\t\t<\/div>\n\t\t\t\t\t\t\t\t<\/div>\n\t\t\t\t\t<\/div>\n\t\t<\/section>\n\t\t\t\t<section class=\"elementor-section elementor-top-section elementor-element elementor-element-fe0b60f elementor-section-boxed elementor-section-height-default elementor-section-height-default\" data-id=\"fe0b60f\" data-element_type=\"section\">\n\t\t\t\t\t\t<div class=\"elementor-container elementor-column-gap-default\">\n\t\t\t\t\t\t\t<div class=\"elementor-row\">\n\t\t\t\t\t<div class=\"elementor-column elementor-col-100 elementor-top-column elementor-element elementor-element-e3c5c3b\" data-id=\"e3c5c3b\" data-element_type=\"column\">\n\t\t\t<div class=\"elementor-column-wrap elementor-element-populated\">\n\t\t\t\t\t\t\t<div class=\"elementor-widget-wrap\">\n\t\t\t\t\t\t<div class=\"elementor-element elementor-element-6178a5e elementor-widget__width-inherit elementor-widget elementor-widget-text-editor\" data-id=\"6178a5e\" data-element_type=\"widget\" data-widget_type=\"text-editor.default\">\n\t\t\t\t<div class=\"elementor-widget-container\">\n\t\t\t\t\t\t\t\t<div class=\"elementor-text-editor elementor-clearfix\">\n\t\t\t\t<p>Toutes les biblioth\u00e8ques sont r\u00e9alis\u00e9s par nos soins.<\/p><p>Fabrication sur mesure, selon votre habitation, id\u00e9es conseils, devis gratuit<\/p><p>R\u00e9alisations en ch\u00eane, peinte, vernis, design&#8230;<\/p><p>Vous avez une id\u00e9e, nous pouvons vous la r\u00e9aliser, m\u00e9lange de mat\u00e9riaux ancien et moderne, contemporain industriel&#8230;.<\/p><p>Art du Bois r\u00e9alisation du sur mesure pour votre int\u00e9rieur et ext\u00e9rieur<\/p><p><strong>Art du Bois<\/strong><\/p><p><strong>\u00ab\u00a0Gros &amp; Fils\u00a0\u00bb<\/strong><\/p><p><strong>180 avenue de l&rsquo;\u00e9galit\u00e9<\/strong><\/p><p><strong>84800 isle sur la sorgue<\/strong><\/p><p><strong>04.90.38.40.28<\/strong><\/p>\t\t\t\t\t<\/div>\n\t\t\t\t\t\t<\/div>\n\t\t\t\t<\/div>\n\t\t\t\t\t\t<\/div>\n\t\t\t\t\t<\/div>\n\t\t<\/div>\n\t\t\t\t\t\t\t\t<\/div>\n\t\t\t\t\t<\/div>\n\t\t<\/section>\n\t\t\t\t<section class=\"elementor-section elementor-top-section elementor-element elementor-element-998c6a5 elementor-section-boxed elementor-section-height-default elementor-section-height-default\" data-id=\"998c6a5\" data-element_type=\"section\">\n\t\t\t\t\t\t<div class=\"elementor-container elementor-column-gap-default\">\n\t\t\t\t\t\t\t<div class=\"elementor-row\">\n\t\t\t\t\t<div class=\"elementor-column elementor-col-100 elementor-top-column elementor-element elementor-element-1a9d041\" data-id=\"1a9d041\" data-element_type=\"column\">\n\t\t\t<div class=\"elementor-column-wrap elementor-element-populated\">\n\t\t\t\t\t\t\t<div class=\"elementor-widget-wrap\">\n\t\t\t\t\t\t<div class=\"elementor-element elementor-element-31ed9f9 elementor-widget elementor-widget-google_maps\" data-id=\"31ed9f9\" data-element_type=\"widget\" data-widget_type=\"google_maps.default\">\n\t\t\t\t<div class=\"elementor-widget-container\">\n\t\t\t\t\t<div class=\"elementor-custom-embed\">\n\t\t\t<iframe frameborder=\"0\" scrolling=\"no\" marginheight=\"0\" marginwidth=\"0\"\n\t\t\t\t\tsrc=\"https:\/\/maps.google.com\/maps?q=180%20avenur%20de%20l%27egalit%C3%A9%20isle%20sur%20la%20sorgue&#038;t=m&#038;z=14&#038;output=embed&#038;iwloc=near\"\n\t\t\t\t\ttitle=\"180 avenur de l&#039;egalit\u00e9 isle sur la sorgue\"\n\t\t\t\t\taria-label=\"180 avenur de l&#039;egalit\u00e9 isle sur la sorgue\"\n\t\t\t><\/iframe>\n\t\t<\/div>\n\t\t\t\t<\/div>\n\t\t\t\t<\/div>\n\t\t\t\t\t\t<\/div>\n\t\t\t\t\t<\/div>\n\t\t<\/div>\n\t\t\t\t\t\t\t\t<\/div>\n\t\t\t\t\t<\/div>\n\t\t<\/section>\n\t\t\t\t\t\t<\/div>\n\t\t\t\t\t\t<\/div>\n\t\t\t\t\t<\/div>\n\t\t","protected":false},"excerpt":{"rendered":"<p>R\u00e9alisation Biblioth\u00e8que Art du Bois bibliotheque murale sur mesure bibliotheque tete de lit bureau bibliotheque bibliotheque murale biblioth\u00e8que sur mesure biblioth\u00e8que sur mesure biblioth\u00e8que sur mesure sur mesure \u00e9tag\u00e8re etag\u00e8re murale etag\u00e8re murale sur mesure Pr\u00e9c\u00e9dent Suivant Toutes les biblioth\u00e8ques sont r\u00e9alis\u00e9s par nos soins. Fabrication sur mesure, selon votre habitation, id\u00e9es conseils, devis gratuit &hellip;<\/p>\n<p class=\"read-more\"> <a class=\"\" href=\"https:\/\/menuiserie-artdubois84.fr\/?page_id=481\"> <span class=\"screen-reader-text\">biblioth\u00e8que<\/span> Lire la suite\u00a0\u00bb<\/a><\/p>\n","protected":false},"author":1,"featured_media":967,"parent":0,"menu_order":0,"comment_status":"closed","ping_status":"closed","template":"","meta":{"footnotes":""},"class_list":["post-481","page","type-page","status-publish","has-post-thumbnail","hentry"],"yoast_head":"<!-- This site is optimized with the Yoast SEO plugin v15.3 - https:\/\/yoast.com\/wordpress\/plugins\/seo\/ -->\n<title>agencement int\u00e9rieur sur mesure-biblioth\u00e8que ART DU BOIS &quot;Gros &amp; Fils&quot;<\/title>\n<meta name=\"description\" content=\"R\u00e9alisation sur mesure de votre biblioth\u00e8que-Devis Gratuit- Fabrication de votre mobilier int\u00e9rieur sur mesure-Dressing-Placard-Etag\u00e8re-Rayonnage-Fa\u00e7ade.\" \/>\n<meta name=\"robots\" content=\"index, follow, max-snippet:-1, max-image-preview:large, max-video-preview:-1\" \/>\n<link rel=\"canonical\" href=\"https:\/\/menuiserie-artdubois84.fr\/?page_id=481\" \/>\n<meta property=\"og:locale\" content=\"fr_FR\" \/>\n<meta property=\"og:type\" content=\"article\" \/>\n<meta property=\"og:title\" content=\"agencement int\u00e9rieur sur mesure-biblioth\u00e8que ART DU BOIS &quot;Gros &amp; Fils&quot;\" \/>\n<meta property=\"og:description\" content=\"R\u00e9alisation sur mesure de votre biblioth\u00e8que-Devis Gratuit- Fabrication de votre mobilier int\u00e9rieur sur mesure-Dressing-Placard-Etag\u00e8re-Rayonnage-Fa\u00e7ade.\" \/>\n<meta property=\"og:url\" content=\"https:\/\/menuiserie-artdubois84.fr\/?page_id=481\" \/>\n<meta property=\"og:site_name\" content=\"ART DU BOIS &quot;Gros &amp; Fils&quot;\" \/>\n<meta property=\"article:modified_time\" content=\"2020-05-18T06:59:09+00:00\" \/>\n<meta property=\"og:image\" content=\"https:\/\/menuiserie-artdubois84.fr\/wp-content\/uploads\/2020\/05\/DSCF9718-Copie.jpg\" \/>\n\t<meta property=\"og:image:width\" content=\"450\" \/>\n\t<meta property=\"og:image:height\" content=\"337\" \/>\n<meta name=\"twitter:card\" content=\"summary_large_image\" \/>\n<meta name=\"twitter:label1\" content=\"\u00c9crit par\">\n\t<meta name=\"twitter:data1\" content=\"admin1174\">\n\t<meta name=\"twitter:label2\" content=\"Dur\u00e9e de lecture est.\">\n\t<meta name=\"twitter:data2\" content=\"1 minute\">\n<script type=\"application\/ld+json\" class=\"yoast-schema-graph\">{\"@context\":\"https:\/\/schema.org\",\"@graph\":[{\"@type\":\"WebSite\",\"@id\":\"https:\/\/menuiserie-artdubois84.fr\/#website\",\"url\":\"https:\/\/menuiserie-artdubois84.fr\/\",\"name\":\"ART DU BOIS &quot;Gros &amp; Fils&quot;\",\"description\":\"Menuiserie Bois  - Maitre Artisan\",\"potentialAction\":[{\"@type\":\"SearchAction\",\"target\":\"https:\/\/menuiserie-artdubois84.fr\/?s={search_term_string}\",\"query-input\":\"required name=search_term_string\"}],\"inLanguage\":\"fr-FR\"},{\"@type\":\"ImageObject\",\"@id\":\"https:\/\/menuiserie-artdubois84.fr\/?page_id=481#primaryimage\",\"inLanguage\":\"fr-FR\",\"url\":\"https:\/\/menuiserie-artdubois84.fr\/wp-content\/uploads\/2020\/05\/DSCF9718-Copie.jpg\",\"width\":450,\"height\":337,\"caption\":\"biblioth\\u00e8que sur mesure- art du bois\"},{\"@type\":\"WebPage\",\"@id\":\"https:\/\/menuiserie-artdubois84.fr\/?page_id=481#webpage\",\"url\":\"https:\/\/menuiserie-artdubois84.fr\/?page_id=481\",\"name\":\"agencement int\\u00e9rieur sur mesure-biblioth\\u00e8que ART DU BOIS &quot;Gros &amp; Fils&quot;\",\"isPartOf\":{\"@id\":\"https:\/\/menuiserie-artdubois84.fr\/#website\"},\"primaryImageOfPage\":{\"@id\":\"https:\/\/menuiserie-artdubois84.fr\/?page_id=481#primaryimage\"},\"datePublished\":\"2020-04-28T09:27:31+00:00\",\"dateModified\":\"2020-05-18T06:59:09+00:00\",\"description\":\"R\\u00e9alisation sur mesure de votre biblioth\\u00e8que-Devis Gratuit- Fabrication de votre mobilier int\\u00e9rieur sur mesure-Dressing-Placard-Etag\\u00e8re-Rayonnage-Fa\\u00e7ade.\",\"inLanguage\":\"fr-FR\",\"potentialAction\":[{\"@type\":\"ReadAction\",\"target\":[\"https:\/\/menuiserie-artdubois84.fr\/?page_id=481\"]}]}]}<\/script>\n<!-- \/ Yoast SEO plugin. -->","_links":{"self":[{"href":"https:\/\/menuiserie-artdubois84.fr\/index.php?rest_route=\/wp\/v2\/pages\/481","targetHints":{"allow":["GET"]}}],"collection":[{"href":"https:\/\/menuiserie-artdubois84.fr\/index.php?rest_route=\/wp\/v2\/pages"}],"about":[{"href":"https:\/\/menuiserie-artdubois84.fr\/index.php?rest_route=\/wp\/v2\/types\/page"}],"author":[{"embeddable":true,"href":"https:\/\/menuiserie-artdubois84.fr\/index.php?rest_route=\/wp\/v2\/users\/1"}],"replies":[{"embeddable":true,"href":"https:\/\/menuiserie-artdubois84.fr\/index.php?rest_route=%2Fwp%2Fv2%2Fcomments&post=481"}],"version-history":[{"count":7,"href":"https:\/\/menuiserie-artdubois84.fr\/index.php?rest_route=\/wp\/v2\/pages\/481\/revisions"}],"predecessor-version":[{"id":1174,"href":"https:\/\/menuiserie-artdubois84.fr\/index.php?rest_route=\/wp\/v2\/pages\/481\/revisions\/1174"}],"wp:featuredmedia":[{"embeddable":true,"href":"https:\/\/menuiserie-artdubois84.fr\/index.php?rest_route=\/wp\/v2\/media\/967"}],"wp:attachment":[{"href":"https:\/\/menuiserie-artdubois84.fr\/index.php?rest_route=%2Fwp%2Fv2%2Fmedia&parent=481"}],"curies":[{"name":"wp","href":"https:\/\/api.w.org\/{rel}","templated":true}]}}