{"id":497,"date":"2020-04-28T12:12:03","date_gmt":"2020-04-28T10:12:03","guid":{"rendered":"https:\/\/menuiserie-artdubois84.fr\/?page_id=497"},"modified":"2020-05-18T09:04:46","modified_gmt":"2020-05-18T07:04:46","slug":"fenetre-porte-fenetre-sur-mesure-isle-sur-la-sorgue","status":"publish","type":"page","link":"https:\/\/menuiserie-artdubois84.fr\/?page_id=497","title":{"rendered":"Porte &#038; fen\u00eatre"},"content":{"rendered":"\t\t<div data-elementor-type=\"wp-page\" data-elementor-id=\"497\" class=\"elementor elementor-497\" data-elementor-settings=\"[]\">\n\t\t\t\t\t\t<div class=\"elementor-inner\">\n\t\t\t\t\t\t\t<div class=\"elementor-section-wrap\">\n\t\t\t\t\t\t\t<section class=\"elementor-section elementor-top-section elementor-element elementor-element-a69641c elementor-section-boxed elementor-section-height-default elementor-section-height-default\" data-id=\"a69641c\" data-element_type=\"section\">\n\t\t\t\t\t\t<div class=\"elementor-container elementor-column-gap-default\">\n\t\t\t\t\t\t\t<div class=\"elementor-row\">\n\t\t\t\t\t<div class=\"elementor-column elementor-col-100 elementor-top-column elementor-element elementor-element-3e7547b\" data-id=\"3e7547b\" data-element_type=\"column\">\n\t\t\t<div class=\"elementor-column-wrap elementor-element-populated\">\n\t\t\t\t\t\t\t<div class=\"elementor-widget-wrap\">\n\t\t\t\t\t\t<div class=\"elementor-element elementor-element-82a7d5f elementor-widget elementor-widget-heading\" data-id=\"82a7d5f\" data-element_type=\"widget\" data-widget_type=\"heading.default\">\n\t\t\t\t<div class=\"elementor-widget-container\">\n\t\t\t<h2 class=\"elementor-heading-title elementor-size-large\">R\u00e9alisation fen\u00eatre &amp; porte fen\u00eatre et porte int\u00e9rieur Art du Bois<\/h2>\t\t<\/div>\n\t\t\t\t<\/div>\n\t\t\t\t\t\t<\/div>\n\t\t\t\t\t<\/div>\n\t\t<\/div>\n\t\t\t\t\t\t\t\t<\/div>\n\t\t\t\t\t<\/div>\n\t\t<\/section>\n\t\t\t\t<section class=\"elementor-section elementor-top-section elementor-element elementor-element-edd0752 elementor-section-boxed elementor-section-height-default elementor-section-height-default\" data-id=\"edd0752\" data-element_type=\"section\">\n\t\t\t\t\t\t<div class=\"elementor-container elementor-column-gap-default\">\n\t\t\t\t\t\t\t<div class=\"elementor-row\">\n\t\t\t\t\t<div class=\"elementor-column elementor-col-100 elementor-top-column elementor-element elementor-element-4e6c359\" data-id=\"4e6c359\" data-element_type=\"column\">\n\t\t\t<div class=\"elementor-column-wrap elementor-element-populated\">\n\t\t\t\t\t\t\t<div class=\"elementor-widget-wrap\">\n\t\t\t\t\t\t<div class=\"elementor-element elementor-element-ec8fb40 elementor-arrows-position-outside elementor-pagination-position-outside elementor-widget elementor-widget-image-carousel\" data-id=\"ec8fb40\" data-element_type=\"widget\" data-settings=\"{&quot;slides_to_show&quot;:&quot;3&quot;,&quot;slides_to_scroll&quot;:&quot;3&quot;,&quot;navigation&quot;:&quot;both&quot;,&quot;autoplay&quot;:&quot;yes&quot;,&quot;pause_on_hover&quot;:&quot;yes&quot;,&quot;pause_on_interaction&quot;:&quot;yes&quot;,&quot;autoplay_speed&quot;:5000,&quot;infinite&quot;:&quot;yes&quot;,&quot;speed&quot;:500}\" data-widget_type=\"image-carousel.default\">\n\t\t\t\t<div class=\"elementor-widget-container\">\n\t\t\t\t\t<div class=\"elementor-image-carousel-wrapper swiper-container\" dir=\"ltr\">\n\t\t\t<div class=\"elementor-image-carousel swiper-wrapper\">\n\t\t\t\t\t\t\t\t<div class=\"swiper-slide\"><figure class=\"swiper-slide-inner\"><img decoding=\"async\" class=\"swiper-slide-image\" src=\"https:\/\/menuiserie-artdubois84.fr\/wp-content\/uploads\/elementor\/thumbs\/porte-dentr\u00e9e-doubl\u00e9e-12-ooq8maahabvxyvgzddsgnufmdkpsfzvxd9p3op4f5k.jpg\" alt=\"porte d&#039;entr\u00e9e a l&#039;ancienne\" \/><figcaption class=\"elementor-image-carousel-caption\">porte d'entr\u00e9e a l'ancienne<\/figcaption><\/figure><\/div><div class=\"swiper-slide\"><figure class=\"swiper-slide-inner\"><img decoding=\"async\" class=\"swiper-slide-image\" src=\"https:\/\/menuiserie-artdubois84.fr\/wp-content\/uploads\/elementor\/thumbs\/porte-dentr\u00e9e-ooq8mb8bh5x8ahfm7w738c72yyl5noznpecl5z30zc.jpg\" alt=\"porte d&#039;entre\u00e9\" \/><figcaption class=\"elementor-image-carousel-caption\">porte d'entre\u00e9<\/figcaption><\/figure><\/div><div class=\"swiper-slide\"><figure class=\"swiper-slide-inner\"><img decoding=\"async\" class=\"swiper-slide-image\" src=\"https:\/\/menuiserie-artdubois84.fr\/wp-content\/uploads\/elementor\/thumbs\/porte-dentr\u00e9e-styl\u00e9-ooq8m9cn3hunn9icivdu3co5s6uf8as7151m7f5tbs.jpg\" alt=\"porte d&#039;entr\u00e9e\" \/><figcaption class=\"elementor-image-carousel-caption\">porte d'entr\u00e9e<\/figcaption><\/figure><\/div><div class=\"swiper-slide\"><figure class=\"swiper-slide-inner\"><img decoding=\"async\" class=\"swiper-slide-image\" src=\"https:\/\/menuiserie-artdubois84.fr\/wp-content\/uploads\/elementor\/thumbs\/DSCF9799-oop5etv2sbpk6dova9u7j0rty9ls22i3z7j2spwiig.jpg\" alt=\"porte d&#039;entr\u00e9e chene clout\u00e9\" \/><figcaption class=\"elementor-image-carousel-caption\">porte d'entr\u00e9e chene clout\u00e9<\/figcaption><\/figure><\/div><div class=\"swiper-slide\"><figure class=\"swiper-slide-inner\"><img decoding=\"async\" class=\"swiper-slide-image\" src=\"https:\/\/menuiserie-artdubois84.fr\/wp-content\/uploads\/elementor\/thumbs\/DSCF9797-oop5elej2tdz9w15no6kekwolsrh4skiy1nph8922g.jpg\" alt=\"porte chen clout\u00e9\" \/><figcaption class=\"elementor-image-carousel-caption\">porte chen clout\u00e9<\/figcaption><\/figure><\/div><div class=\"swiper-slide\"><figure class=\"swiper-slide-inner\"><img decoding=\"async\" class=\"swiper-slide-image\" src=\"https:\/\/menuiserie-artdubois84.fr\/wp-content\/uploads\/elementor\/thumbs\/DSCF9790-oop5ea4gssyjekhjhjb1knr5h6b2kfbqwhtvpwps54.jpg\" alt=\"Porte d&#039;entr\u00e9e\" \/><figcaption class=\"elementor-image-carousel-caption\">Porte d'entr\u00e9e - porte fen\u00eatre - art du bois<\/figcaption><\/figure><\/div><div class=\"swiper-slide\"><figure class=\"swiper-slide-inner\"><img decoding=\"async\" class=\"swiper-slide-image\" src=\"https:\/\/menuiserie-artdubois84.fr\/wp-content\/uploads\/elementor\/thumbs\/DSCF9794-oop5efrhxt69c89cklqszmbx1hj9uly4x9qslkhf3s.jpg\" alt=\"porte chene ancienne\" \/><figcaption class=\"elementor-image-carousel-caption\">porte chene ancienne<\/figcaption><\/figure><\/div><div class=\"swiper-slide\"><figure class=\"swiper-slide-inner\"><img decoding=\"async\" class=\"swiper-slide-image\" src=\"https:\/\/menuiserie-artdubois84.fr\/wp-content\/uploads\/elementor\/thumbs\/DSCF9773-oop5dmmi1y2dcbfoar5dcbommjiw7zqgh9iqpzomgo.jpg\" alt=\"porte de chambre en chene\" \/><figcaption class=\"elementor-image-carousel-caption\">porte de chambre en chene<\/figcaption><\/figure><\/div><div class=\"swiper-slide\"><figure class=\"swiper-slide-inner\"><img decoding=\"async\" class=\"swiper-slide-image\" src=\"https:\/\/menuiserie-artdubois84.fr\/wp-content\/uploads\/elementor\/thumbs\/DSCF9774-oop5dt7ddsbdll648bzrbs0us8mgpvgku6352xev94.jpg\" alt=\"porte chene\" \/><figcaption class=\"elementor-image-carousel-caption\">porte chene<\/figcaption><\/figure><\/div><div class=\"swiper-slide\"><figure class=\"swiper-slide-inner\"><img decoding=\"async\" class=\"swiper-slide-image\" src=\"https:\/\/menuiserie-artdubois84.fr\/wp-content\/uploads\/elementor\/thumbs\/IMG_20190719_114350-oop5i2f2bs5460zkdo7y47czm1nakjctr8fab13p2w.jpg\" alt=\"porte japonaise\" \/><figcaption class=\"elementor-image-carousel-caption\">porte japonaise<\/figcaption><\/figure><\/div><div class=\"swiper-slide\"><figure class=\"swiper-slide-inner\"><img decoding=\"async\" class=\"swiper-slide-image\" src=\"https:\/\/menuiserie-artdubois84.fr\/wp-content\/uploads\/elementor\/thumbs\/IMG-20191124-WA0030-oop5jkxpc67qvesdjbsb4tlq2e6kyzd9aq9g52uv20.jpg\" alt=\"porte chene int\u00e9rieure\" \/><figcaption class=\"elementor-image-carousel-caption\">porte chene int\u00e9rieure<\/figcaption><\/figure><\/div><div class=\"swiper-slide\"><figure class=\"swiper-slide-inner\"><img decoding=\"async\" class=\"swiper-slide-image\" src=\"https:\/\/menuiserie-artdubois84.fr\/wp-content\/uploads\/elementor\/thumbs\/IMG-20191124-WA0038-oop5jnr7woblu8oa2v06uaw3ujsom2ogb47wkwqojc.jpg\" alt=\"porte chene int\u00e9rieure\" \/><figcaption class=\"elementor-image-carousel-caption\">porte chene int\u00e9rieure<\/figcaption><\/figure><\/div><div class=\"swiper-slide\"><figure class=\"swiper-slide-inner\"><img decoding=\"async\" class=\"swiper-slide-image\" src=\"https:\/\/menuiserie-artdubois84.fr\/wp-content\/uploads\/elementor\/thumbs\/porte-coch\u00e8re-17-oop5kknkjvkn4lchqr84rkl8n1aj3hb23n1wdldwhk.jpg\" alt=\"porte d&#039;entr\u00e9e cochaire\" \/><figcaption class=\"elementor-image-carousel-caption\">porte d'entr\u00e9e cochaire<\/figcaption><\/figure><\/div><div class=\"swiper-slide\"><figure class=\"swiper-slide-inner\"><img decoding=\"async\" class=\"swiper-slide-image\" src=\"https:\/\/menuiserie-artdubois84.fr\/wp-content\/uploads\/elementor\/thumbs\/IMAG0721-oop5g9k787obwxlrwe6ou5q6mgiytf7cibes6xrv08.jpg\" alt=\"porte int\u00e9rieur chene\" \/><figcaption class=\"elementor-image-carousel-caption\">porte int\u00e9rieur chene<\/figcaption><\/figure><\/div><div class=\"swiper-slide\"><figure class=\"swiper-slide-inner\"><img decoding=\"async\" class=\"swiper-slide-image\" src=\"https:\/\/menuiserie-artdubois84.fr\/wp-content\/uploads\/elementor\/thumbs\/IMAG0723-oop5ge9e6durizey4y7tomjhldvsvwq06yo7lbkw54.jpg\" alt=\"porte de dressing\" \/><figcaption class=\"elementor-image-carousel-caption\">porte de dressing<\/figcaption><\/figure><\/div><div class=\"swiper-slide\"><figure class=\"swiper-slide-inner\"><img decoding=\"async\" class=\"swiper-slide-image\" src=\"https:\/\/menuiserie-artdubois84.fr\/wp-content\/uploads\/elementor\/thumbs\/IMAG1046-scaled-oooq0vn739e5zec1ytpe2t4evfyfrncvtepl2791h4.jpg\" alt=\"porte d&#039;entr\u00e9e\" \/><figcaption class=\"elementor-image-carousel-caption\">porte d'entr\u00e9e<\/figcaption><\/figure><\/div><div class=\"swiper-slide\"><figure class=\"swiper-slide-inner\"><img decoding=\"async\" class=\"swiper-slide-image\" src=\"https:\/\/menuiserie-artdubois84.fr\/wp-content\/uploads\/elementor\/thumbs\/DSCF9816-oop5fqrffiylgqd2y625gagyqr3mjh4prqd2lejqgo.jpg\" alt=\"porte coulissante dressing\" \/><figcaption class=\"elementor-image-carousel-caption\">porte coulissante dressing<\/figcaption><\/figure><\/div><div class=\"swiper-slide\"><figure class=\"swiper-slide-inner\"><img decoding=\"async\" class=\"swiper-slide-image\" src=\"https:\/\/menuiserie-artdubois84.fr\/wp-content\/uploads\/elementor\/thumbs\/DSCF9814-scaled-oop5fm28hcs5uojwpm10ltnnrtqsgzm2333n70qpbs.jpg\" alt=\"porte coulissante\" \/><figcaption class=\"elementor-image-carousel-caption\">porte coulissante<\/figcaption><\/figure><\/div><div class=\"swiper-slide\"><figure class=\"swiper-slide-inner\"><img decoding=\"async\" class=\"swiper-slide-image\" src=\"https:\/\/menuiserie-artdubois84.fr\/wp-content\/uploads\/elementor\/thumbs\/DSCF9812-oop5fbq0e6e0ayyxdzk4ce9l8l5r4bh0dnxawz6188.jpg\" alt=\"porte coulissante\" \/><figcaption class=\"elementor-image-carousel-caption\">porte coulissante<\/figcaption><\/figure><\/div><div class=\"swiper-slide\"><figure class=\"swiper-slide-inner\"><img decoding=\"async\" class=\"swiper-slide-image\" src=\"https:\/\/menuiserie-artdubois84.fr\/wp-content\/uploads\/elementor\/thumbs\/20190722_115116-oop5a4o4m59y4kimq8pd27gv0wrpkjufby3oewvdmg.jpg\" alt=\"porte coulissante\" \/><figcaption class=\"elementor-image-carousel-caption\">porte coulissante<\/figcaption><\/figure><\/div><div class=\"swiper-slide\"><figure class=\"swiper-slide-inner\"><img decoding=\"async\" class=\"swiper-slide-image\" src=\"https:\/\/menuiserie-artdubois84.fr\/wp-content\/uploads\/elementor\/thumbs\/20160421_135154-oop58hganl0vt4wnc13v74etlmvl3mbc3t036hb6ig.jpg\" alt=\"fen\u00eatre sur mesure\" \/><figcaption class=\"elementor-image-carousel-caption\">fen\u00eatre sur mesure<\/figcaption><\/figure><\/div><div class=\"swiper-slide\"><figure class=\"swiper-slide-inner\"><img decoding=\"async\" class=\"swiper-slide-image\" src=\"https:\/\/menuiserie-artdubois84.fr\/wp-content\/uploads\/elementor\/thumbs\/20160421_135144-oop58ems32x0ub0qshvzhn4fth9hgj053f1mqnfd14.jpg\" alt=\"fabrication sur mesure de porte fen\u00eatre\" \/><figcaption class=\"elementor-image-carousel-caption\">fabrication sur mesure de porte fen\u00eatre<\/figcaption><\/figure><\/div><div class=\"swiper-slide\"><figure class=\"swiper-slide-inner\"><img decoding=\"async\" class=\"swiper-slide-image\" src=\"https:\/\/menuiserie-artdubois84.fr\/wp-content\/uploads\/elementor\/thumbs\/20160421_135128-oop58avfbqrvjv67eg9h7o2lfxs0lql7qwfotjkxq0.jpg\" alt=\"fabrication sur mesure de porte fen\u00eatre\" \/><figcaption class=\"elementor-image-carousel-caption\">fabrication sur mesure de porte fen\u00eatre<\/figcaption><\/figure><\/div>\t\t\t<\/div>\n\t\t\t\t\t\t\t\t\t\t\t\t<div class=\"swiper-pagination\"><\/div>\n\t\t\t\t\t\t\t\t\t\t\t\t\t<div class=\"elementor-swiper-button elementor-swiper-button-prev\">\n\t\t\t\t\t\t<i aria-hidden=\"true\" class=\"eicon-chevron-left\"><\/i>\t\t\t\t\t\t<span class=\"elementor-screen-only\">Pr\u00e9c\u00e9dent<\/span>\n\t\t\t\t\t<\/div>\n\t\t\t\t\t<div class=\"elementor-swiper-button elementor-swiper-button-next\">\n\t\t\t\t\t\t<i aria-hidden=\"true\" class=\"eicon-chevron-right\"><\/i>\t\t\t\t\t\t<span class=\"elementor-screen-only\">Suivant<\/span>\n\t\t\t\t\t<\/div>\n\t\t\t\t\t\t\t\t\t<\/div>\n\t\t\t\t<\/div>\n\t\t\t\t<\/div>\n\t\t\t\t\t\t<\/div>\n\t\t\t\t\t<\/div>\n\t\t<\/div>\n\t\t\t\t\t\t\t\t<\/div>\n\t\t\t\t\t<\/div>\n\t\t<\/section>\n\t\t\t\t<section class=\"elementor-section elementor-top-section elementor-element elementor-element-fe0b60f elementor-section-boxed elementor-section-height-default elementor-section-height-default\" data-id=\"fe0b60f\" data-element_type=\"section\">\n\t\t\t\t\t\t<div class=\"elementor-container elementor-column-gap-default\">\n\t\t\t\t\t\t\t<div class=\"elementor-row\">\n\t\t\t\t\t<div class=\"elementor-column elementor-col-100 elementor-top-column elementor-element elementor-element-e3c5c3b\" data-id=\"e3c5c3b\" data-element_type=\"column\">\n\t\t\t<div class=\"elementor-column-wrap elementor-element-populated\">\n\t\t\t\t\t\t\t<div class=\"elementor-widget-wrap\">\n\t\t\t\t\t\t<div class=\"elementor-element elementor-element-6178a5e elementor-widget__width-inherit elementor-widget elementor-widget-text-editor\" data-id=\"6178a5e\" data-element_type=\"widget\" data-widget_type=\"text-editor.default\">\n\t\t\t\t<div class=\"elementor-widget-container\">\n\t\t\t\t\t\t\t\t<div class=\"elementor-text-editor elementor-clearfix\">\n\t\t\t\t<p>R\u00e9alisations de porte d&rsquo;entr\u00e9e, porte fen\u00eatre,\u00a0 porte int\u00e9rieure ou de dressing sur mesure.<\/p><p>De style diff\u00e9rent ancien ou moderne la fabrication est r\u00e9alis\u00e9 par nos soins dans notre atelier.<\/p><p>R\u00e9alisations en ch\u00eane, peinte, vernis, design&#8230;<\/p><p>\u00a0\u00a0\u00a0\u00a0\u00a0\u00a0\u00a0\u00a0\u00a0\u00a0\u00a0\u00a0\u00a0 Vous avez une id\u00e9e, nous pouvons vous la r\u00e9aliser, m\u00e9lange de mat\u00e9riaux ancien et moderne,\u00a0\u00a0\u00a0\u00a0\u00a0\u00a0\u00a0\u00a0\u00a0\u00a0\u00a0\u00a0\u00a0 contemporain industriel&#8230;.<\/p><p>Art du Bois r\u00e9alisation du sur mesure pour votre int\u00e9rieur et ext\u00e9rieur<\/p><p><strong>Art du Bois<\/strong><\/p><p><strong>\u00ab\u00a0Gros &amp; Fils\u00a0\u00bb<\/strong><\/p><p><strong>180 avenue de l&rsquo;\u00e9galit\u00e9<\/strong><\/p><p><strong>84800 isle sur la sorgue<\/strong><\/p><p><strong>04.90.38.40.28<\/strong><\/p>\t\t\t\t\t<\/div>\n\t\t\t\t\t\t<\/div>\n\t\t\t\t<\/div>\n\t\t\t\t\t\t<\/div>\n\t\t\t\t\t<\/div>\n\t\t<\/div>\n\t\t\t\t\t\t\t\t<\/div>\n\t\t\t\t\t<\/div>\n\t\t<\/section>\n\t\t\t\t<section class=\"elementor-section elementor-top-section elementor-element elementor-element-998c6a5 elementor-section-boxed elementor-section-height-default elementor-section-height-default\" data-id=\"998c6a5\" data-element_type=\"section\">\n\t\t\t\t\t\t<div class=\"elementor-container elementor-column-gap-default\">\n\t\t\t\t\t\t\t<div class=\"elementor-row\">\n\t\t\t\t\t<div class=\"elementor-column elementor-col-100 elementor-top-column elementor-element elementor-element-1a9d041\" data-id=\"1a9d041\" data-element_type=\"column\">\n\t\t\t<div class=\"elementor-column-wrap elementor-element-populated\">\n\t\t\t\t\t\t\t<div class=\"elementor-widget-wrap\">\n\t\t\t\t\t\t<div class=\"elementor-element elementor-element-31ed9f9 elementor-widget elementor-widget-google_maps\" data-id=\"31ed9f9\" data-element_type=\"widget\" data-widget_type=\"google_maps.default\">\n\t\t\t\t<div class=\"elementor-widget-container\">\n\t\t\t\t\t<div class=\"elementor-custom-embed\">\n\t\t\t<iframe frameborder=\"0\" scrolling=\"no\" marginheight=\"0\" marginwidth=\"0\"\n\t\t\t\t\tsrc=\"https:\/\/maps.google.com\/maps?q=180%20avenur%20de%20l%27egalit%C3%A9%20isle%20sur%20la%20sorgue&#038;t=m&#038;z=14&#038;output=embed&#038;iwloc=near\"\n\t\t\t\t\ttitle=\"180 avenur de l&#039;egalit\u00e9 isle sur la sorgue\"\n\t\t\t\t\taria-label=\"180 avenur de l&#039;egalit\u00e9 isle sur la sorgue\"\n\t\t\t><\/iframe>\n\t\t<\/div>\n\t\t\t\t<\/div>\n\t\t\t\t<\/div>\n\t\t\t\t\t\t<\/div>\n\t\t\t\t\t<\/div>\n\t\t<\/div>\n\t\t\t\t\t\t\t\t<\/div>\n\t\t\t\t\t<\/div>\n\t\t<\/section>\n\t\t\t\t\t\t<\/div>\n\t\t\t\t\t\t<\/div>\n\t\t\t\t\t<\/div>\n\t\t","protected":false},"excerpt":{"rendered":"<p>R\u00e9alisation fen\u00eatre &amp; porte fen\u00eatre et porte int\u00e9rieur Art du Bois porte d&rsquo;entr\u00e9e a l&rsquo;ancienne porte d&rsquo;entre\u00e9 porte d&rsquo;entr\u00e9e porte d&rsquo;entr\u00e9e chene clout\u00e9 porte chen clout\u00e9 porte chene porte chene ancienne porte de chambre en chene porte chene porte japonaise porte chene int\u00e9rieure porte chene int\u00e9rieure porte d&rsquo;entr\u00e9e cochaire porte int\u00e9rieur chene porte de dressing &hellip;<\/p>\n<p class=\"read-more\"> <a class=\"\" href=\"https:\/\/menuiserie-artdubois84.fr\/?page_id=497\"> <span class=\"screen-reader-text\">Porte &#038; fen\u00eatre<\/span> Lire la suite\u00a0\u00bb<\/a><\/p>\n","protected":false},"author":1,"featured_media":348,"parent":0,"menu_order":0,"comment_status":"closed","ping_status":"closed","template":"","meta":{"footnotes":""},"class_list":["post-497","page","type-page","status-publish","has-post-thumbnail","hentry"],"yoast_head":"<!-- This site is optimized with the Yoast SEO plugin v15.3 - https:\/\/yoast.com\/wordpress\/plugins\/seo\/ -->\n<title>Agencement ext\u00e9rieur - Porte d&#039;entr\u00e9e - fen\u00eatre - porte fen\u00eatre sur mesure.<\/title>\n<meta name=\"description\" content=\"R\u00e9alisation et conception sur mesure de votre am\u00e9nagement ext\u00e9rieur de votre habitation.Porte d&#039;entr\u00e9e,porte fen\u00eatre, fen\u00eatre.Isle sur la sorgue.Art du Bois\" \/>\n<meta name=\"robots\" content=\"index, follow, max-snippet:-1, max-image-preview:large, max-video-preview:-1\" \/>\n<link rel=\"canonical\" href=\"https:\/\/menuiserie-artdubois84.fr\/?page_id=497\" \/>\n<meta property=\"og:locale\" content=\"fr_FR\" \/>\n<meta property=\"og:type\" content=\"article\" \/>\n<meta property=\"og:title\" content=\"Agencement ext\u00e9rieur - Porte d&#039;entr\u00e9e - fen\u00eatre - porte fen\u00eatre sur mesure.\" \/>\n<meta property=\"og:description\" content=\"R\u00e9alisation et conception sur mesure de votre am\u00e9nagement ext\u00e9rieur de votre habitation.Porte d&#039;entr\u00e9e,porte fen\u00eatre, fen\u00eatre.Isle sur la sorgue.Art du Bois\" \/>\n<meta property=\"og:url\" content=\"https:\/\/menuiserie-artdubois84.fr\/?page_id=497\" \/>\n<meta property=\"og:site_name\" content=\"ART DU BOIS &quot;Gros &amp; Fils&quot;\" \/>\n<meta property=\"article:modified_time\" content=\"2020-05-18T07:04:46+00:00\" \/>\n<meta property=\"og:image\" content=\"https:\/\/menuiserie-artdubois84.fr\/wp-content\/uploads\/2020\/04\/DSCF9790.jpg\" \/>\n\t<meta property=\"og:image:width\" content=\"1000\" \/>\n\t<meta property=\"og:image:height\" content=\"1370\" \/>\n<meta name=\"twitter:card\" content=\"summary_large_image\" \/>\n<meta name=\"twitter:label1\" content=\"\u00c9crit par\">\n\t<meta name=\"twitter:data1\" content=\"admin1174\">\n\t<meta name=\"twitter:label2\" content=\"Dur\u00e9e de lecture est.\">\n\t<meta name=\"twitter:data2\" content=\"1 minute\">\n<script type=\"application\/ld+json\" class=\"yoast-schema-graph\">{\"@context\":\"https:\/\/schema.org\",\"@graph\":[{\"@type\":\"WebSite\",\"@id\":\"https:\/\/menuiserie-artdubois84.fr\/#website\",\"url\":\"https:\/\/menuiserie-artdubois84.fr\/\",\"name\":\"ART DU BOIS &quot;Gros &amp; Fils&quot;\",\"description\":\"Menuiserie Bois  - Maitre Artisan\",\"potentialAction\":[{\"@type\":\"SearchAction\",\"target\":\"https:\/\/menuiserie-artdubois84.fr\/?s={search_term_string}\",\"query-input\":\"required name=search_term_string\"}],\"inLanguage\":\"fr-FR\"},{\"@type\":\"ImageObject\",\"@id\":\"https:\/\/menuiserie-artdubois84.fr\/?page_id=497#primaryimage\",\"inLanguage\":\"fr-FR\",\"url\":\"https:\/\/menuiserie-artdubois84.fr\/wp-content\/uploads\/2020\/04\/DSCF9790.jpg\",\"width\":1000,\"height\":1370,\"caption\":\"Porte d'entr\\u00e9e - porte fen\\u00eatre - art du bois\"},{\"@type\":\"WebPage\",\"@id\":\"https:\/\/menuiserie-artdubois84.fr\/?page_id=497#webpage\",\"url\":\"https:\/\/menuiserie-artdubois84.fr\/?page_id=497\",\"name\":\"Agencement ext\\u00e9rieur - Porte d'entr\\u00e9e - fen\\u00eatre - porte fen\\u00eatre sur mesure.\",\"isPartOf\":{\"@id\":\"https:\/\/menuiserie-artdubois84.fr\/#website\"},\"primaryImageOfPage\":{\"@id\":\"https:\/\/menuiserie-artdubois84.fr\/?page_id=497#primaryimage\"},\"datePublished\":\"2020-04-28T10:12:03+00:00\",\"dateModified\":\"2020-05-18T07:04:46+00:00\",\"description\":\"R\\u00e9alisation et conception sur mesure de votre am\\u00e9nagement ext\\u00e9rieur de votre habitation.Porte d'entr\\u00e9e,porte fen\\u00eatre, fen\\u00eatre.Isle sur la sorgue.Art du Bois\",\"inLanguage\":\"fr-FR\",\"potentialAction\":[{\"@type\":\"ReadAction\",\"target\":[\"https:\/\/menuiserie-artdubois84.fr\/?page_id=497\"]}]}]}<\/script>\n<!-- \/ Yoast SEO plugin. -->","_links":{"self":[{"href":"https:\/\/menuiserie-artdubois84.fr\/index.php?rest_route=\/wp\/v2\/pages\/497","targetHints":{"allow":["GET"]}}],"collection":[{"href":"https:\/\/menuiserie-artdubois84.fr\/index.php?rest_route=\/wp\/v2\/pages"}],"about":[{"href":"https:\/\/menuiserie-artdubois84.fr\/index.php?rest_route=\/wp\/v2\/types\/page"}],"author":[{"embeddable":true,"href":"https:\/\/menuiserie-artdubois84.fr\/index.php?rest_route=\/wp\/v2\/users\/1"}],"replies":[{"embeddable":true,"href":"https:\/\/menuiserie-artdubois84.fr\/index.php?rest_route=%2Fwp%2Fv2%2Fcomments&post=497"}],"version-history":[{"count":13,"href":"https:\/\/menuiserie-artdubois84.fr\/index.php?rest_route=\/wp\/v2\/pages\/497\/revisions"}],"predecessor-version":[{"id":1177,"href":"https:\/\/menuiserie-artdubois84.fr\/index.php?rest_route=\/wp\/v2\/pages\/497\/revisions\/1177"}],"wp:featuredmedia":[{"embeddable":true,"href":"https:\/\/menuiserie-artdubois84.fr\/index.php?rest_route=\/wp\/v2\/media\/348"}],"wp:attachment":[{"href":"https:\/\/menuiserie-artdubois84.fr\/index.php?rest_route=%2Fwp%2Fv2%2Fmedia&parent=497"}],"curies":[{"name":"wp","href":"https:\/\/api.w.org\/{rel}","templated":true}]}}