{"id":528,"date":"2020-04-28T14:23:12","date_gmt":"2020-04-28T12:23:12","guid":{"rendered":"https:\/\/menuiserie-artdubois84.fr\/?page_id=528"},"modified":"2020-05-14T11:07:08","modified_gmt":"2020-05-14T09:07:08","slug":"realisation-dressing-sur-mesure-isle-sur-sorgue","status":"publish","type":"page","link":"https:\/\/menuiserie-artdubois84.fr\/?page_id=528","title":{"rendered":"dressing"},"content":{"rendered":"\t\t<div data-elementor-type=\"wp-page\" data-elementor-id=\"528\" class=\"elementor elementor-528\" data-elementor-settings=\"[]\">\n\t\t\t\t\t\t<div class=\"elementor-inner\">\n\t\t\t\t\t\t\t<div class=\"elementor-section-wrap\">\n\t\t\t\t\t\t\t<section class=\"elementor-section elementor-top-section elementor-element elementor-element-a69641c elementor-section-boxed elementor-section-height-default elementor-section-height-default\" data-id=\"a69641c\" data-element_type=\"section\">\n\t\t\t\t\t\t<div class=\"elementor-container elementor-column-gap-default\">\n\t\t\t\t\t\t\t<div class=\"elementor-row\">\n\t\t\t\t\t<div class=\"elementor-column elementor-col-100 elementor-top-column elementor-element elementor-element-3e7547b\" data-id=\"3e7547b\" data-element_type=\"column\">\n\t\t\t<div class=\"elementor-column-wrap elementor-element-populated\">\n\t\t\t\t\t\t\t<div class=\"elementor-widget-wrap\">\n\t\t\t\t\t\t<div class=\"elementor-element elementor-element-82a7d5f elementor-widget elementor-widget-heading\" data-id=\"82a7d5f\" data-element_type=\"widget\" data-widget_type=\"heading.default\">\n\t\t\t\t<div class=\"elementor-widget-container\">\n\t\t\t<h2 class=\"elementor-heading-title elementor-size-large\">R\u00e9alisation dressing &amp; placard  Art du Bois<\/h2>\t\t<\/div>\n\t\t\t\t<\/div>\n\t\t\t\t\t\t<\/div>\n\t\t\t\t\t<\/div>\n\t\t<\/div>\n\t\t\t\t\t\t\t\t<\/div>\n\t\t\t\t\t<\/div>\n\t\t<\/section>\n\t\t\t\t<section class=\"elementor-section elementor-top-section elementor-element elementor-element-edd0752 elementor-section-boxed elementor-section-height-default elementor-section-height-default\" data-id=\"edd0752\" data-element_type=\"section\">\n\t\t\t\t\t\t<div class=\"elementor-container elementor-column-gap-default\">\n\t\t\t\t\t\t\t<div class=\"elementor-row\">\n\t\t\t\t\t<div class=\"elementor-column elementor-col-100 elementor-top-column elementor-element elementor-element-4e6c359\" data-id=\"4e6c359\" data-element_type=\"column\">\n\t\t\t<div class=\"elementor-column-wrap elementor-element-populated\">\n\t\t\t\t\t\t\t<div class=\"elementor-widget-wrap\">\n\t\t\t\t\t\t<div class=\"elementor-element elementor-element-ec8fb40 elementor-arrows-position-outside elementor-pagination-position-outside elementor-widget elementor-widget-image-carousel\" data-id=\"ec8fb40\" data-element_type=\"widget\" data-settings=\"{&quot;slides_to_show&quot;:&quot;3&quot;,&quot;slides_to_scroll&quot;:&quot;3&quot;,&quot;navigation&quot;:&quot;both&quot;,&quot;autoplay&quot;:&quot;yes&quot;,&quot;pause_on_hover&quot;:&quot;yes&quot;,&quot;pause_on_interaction&quot;:&quot;yes&quot;,&quot;autoplay_speed&quot;:5000,&quot;infinite&quot;:&quot;yes&quot;,&quot;speed&quot;:500}\" data-widget_type=\"image-carousel.default\">\n\t\t\t\t<div class=\"elementor-widget-container\">\n\t\t\t\t\t<div class=\"elementor-image-carousel-wrapper swiper-container\" dir=\"ltr\">\n\t\t\t<div class=\"elementor-image-carousel swiper-wrapper\">\n\t\t\t\t\t\t\t\t<div class=\"swiper-slide\"><figure class=\"swiper-slide-inner\"><img decoding=\"async\" class=\"swiper-slide-image\" src=\"https:\/\/menuiserie-artdubois84.fr\/wp-content\/uploads\/elementor\/thumbs\/20190918_111415-oop5ac6u4tk8pg7pibydm5kjrzqna4oa0zbk94k88o.jpg\" alt=\"Panderie-Dressing\" \/><figcaption class=\"elementor-image-carousel-caption\">Penderie-Dressing en ch\u00eane art du bois<\/figcaption><\/figure><\/div><div class=\"swiper-slide\"><figure class=\"swiper-slide-inner\"><img decoding=\"async\" class=\"swiper-slide-image\" src=\"https:\/\/menuiserie-artdubois84.fr\/wp-content\/uploads\/elementor\/thumbs\/IMAG1447-ooqe2g7xkmf6x8j4wocjiudpdfuftznao7028k9mm0.jpg\" alt=\"panderie dressing\" \/><figcaption class=\"elementor-image-carousel-caption\">panderie dressing<\/figcaption><\/figure><\/div><div class=\"swiper-slide\"><figure class=\"swiper-slide-inner\"><img decoding=\"async\" class=\"swiper-slide-image\" src=\"https:\/\/menuiserie-artdubois84.fr\/wp-content\/uploads\/elementor\/thumbs\/20190807_085937-oop5a8fhdhf3f0d64abvc6ipeg96fc9cogpmc0psxk.jpg\" alt=\"sur mesure porte de dressing\" \/><figcaption class=\"elementor-image-carousel-caption\">sur mesure porte de dressing<\/figcaption><\/figure><\/div><div class=\"swiper-slide\"><figure class=\"swiper-slide-inner\"><img decoding=\"async\" class=\"swiper-slide-image\" src=\"https:\/\/menuiserie-artdubois84.fr\/wp-content\/uploads\/elementor\/thumbs\/20160627_143135-oop5924qtxt6wk2lza1npz6yo41nsylfincrqkgipk.jpg\" alt=\"armoire sur mesure et commode\" \/><figcaption class=\"elementor-image-carousel-caption\">armoire sur mesure et commode <\/figcaption><\/figure><\/div><div class=\"swiper-slide\"><figure class=\"swiper-slide-inner\"><img decoding=\"async\" class=\"swiper-slide-image\" src=\"https:\/\/menuiserie-artdubois84.fr\/wp-content\/uploads\/elementor\/thumbs\/20160627_143248-scaled-oop598pm5s275tt1wuw1pfj6tt58aubjvjx63i6ri0.jpg\" alt=\"detail finition\" \/><figcaption class=\"elementor-image-carousel-caption\">detail finition<\/figcaption><\/figure><\/div><div class=\"swiper-slide\"><figure class=\"swiper-slide-inner\"><img decoding=\"async\" class=\"swiper-slide-image\" src=\"https:\/\/menuiserie-artdubois84.fr\/wp-content\/uploads\/elementor\/thumbs\/IMG_20190726_160246-ooqe2ooha4qrtq6uja06na8upwoqr9kvpcvfk1x320.jpg\" alt=\"panderie dressing\" \/><figcaption class=\"elementor-image-carousel-caption\">panderie dressing<\/figcaption><\/figure><\/div><div class=\"swiper-slide\"><figure class=\"swiper-slide-inner\"><img decoding=\"async\" class=\"swiper-slide-image\" src=\"https:\/\/menuiserie-artdubois84.fr\/wp-content\/uploads\/elementor\/thumbs\/IMAG1018-ooqe04kaod8o7xwnh66quxhoi5arsxf6ooxuixpnzs.jpg\" alt=\"rayonnage sur mesure\" \/><figcaption class=\"elementor-image-carousel-caption\">rayonnage sur mesure<\/figcaption><\/figure><\/div><div class=\"swiper-slide\"><figure class=\"swiper-slide-inner\"><img decoding=\"async\" class=\"swiper-slide-image\" src=\"https:\/\/menuiserie-artdubois84.fr\/wp-content\/uploads\/elementor\/thumbs\/IMAG1016-oop5gw4bs8j7nkp08nxqi018vpfry5owlf2fpkueuw.jpg\" alt=\"dressing\" \/><figcaption class=\"elementor-image-carousel-caption\">dressing<\/figcaption><\/figure><\/div><div class=\"swiper-slide\"><figure class=\"swiper-slide-inner\"><img decoding=\"async\" class=\"swiper-slide-image\" src=\"https:\/\/menuiserie-artdubois84.fr\/wp-content\/uploads\/elementor\/thumbs\/IMAG1019-ooqe099hmjf3tzptpq7vpeazh2nlvexudc79xbip4o.jpg\" alt=\"rayonnage sur mesure\" \/><figcaption class=\"elementor-image-carousel-caption\">rayonnage sur mesure<\/figcaption><\/figure><\/div><div class=\"swiper-slide\"><figure class=\"swiper-slide-inner\"><img decoding=\"async\" class=\"swiper-slide-image\" src=\"https:\/\/menuiserie-artdubois84.fr\/wp-content\/uploads\/elementor\/thumbs\/IMAG0723-oop5ge9e6durizey4y7tomjhldvsvwq06yo7lbkw54.jpg\" alt=\"porte de dressing\" \/><figcaption class=\"elementor-image-carousel-caption\">porte de dressing<\/figcaption><\/figure><\/div><div class=\"swiper-slide\"><figure class=\"swiper-slide-inner\"><img decoding=\"async\" class=\"swiper-slide-image\" src=\"https:\/\/menuiserie-artdubois84.fr\/wp-content\/uploads\/elementor\/thumbs\/DSCF9816-oop5fqrffiylgqd2y625gagyqr3mjh4prqd2lejqgo.jpg\" alt=\"porte coulissante dressing\" \/><figcaption class=\"elementor-image-carousel-caption\">porte coulissante dressing<\/figcaption><\/figure><\/div><div class=\"swiper-slide\"><figure class=\"swiper-slide-inner\"><img decoding=\"async\" class=\"swiper-slide-image\" src=\"https:\/\/menuiserie-artdubois84.fr\/wp-content\/uploads\/elementor\/thumbs\/20190212_145926-oop5a2sg8h7dhcld17w3x7xxu50z55mynospgcy5yw.jpg\" alt=\"meuble sous escalier\" \/><figcaption class=\"elementor-image-carousel-caption\">meuble sous escalier<\/figcaption><\/figure><\/div><div class=\"swiper-slide\"><figure class=\"swiper-slide-inner\"><img decoding=\"async\" class=\"swiper-slide-image\" src=\"https:\/\/menuiserie-artdubois84.fr\/wp-content\/uploads\/elementor\/thumbs\/20160627_143053-oop59092g9qm9c5ca98ekzo1hcaxdkdyue1ss0jb20.jpg\" alt=\"porte de dressing\" \/><figcaption class=\"elementor-image-carousel-caption\">porte de dressing<\/figcaption><\/figure><\/div><div class=\"swiper-slide\"><figure class=\"swiper-slide-inner\"><img decoding=\"async\" class=\"swiper-slide-image\" src=\"https:\/\/menuiserie-artdubois84.fr\/wp-content\/uploads\/elementor\/thumbs\/20160627_143028-oop58whpoxlgywasw7lwb0m73stgirz1hvfuuwovqw.jpg\" alt=\"int\u00e9rieur dressing\" \/><figcaption class=\"elementor-image-carousel-caption\">int\u00e9rieur dressing<\/figcaption><\/figure><\/div><div class=\"swiper-slide\"><figure class=\"swiper-slide-inner\"><img decoding=\"async\" class=\"swiper-slide-image\" src=\"https:\/\/menuiserie-artdubois84.fr\/wp-content\/uploads\/elementor\/thumbs\/IMAG1271-oop5gyxucqn2mekws75m7hbmnv1vl903lt0w5eq8c8.jpg\" alt=\"sur mesure \u00e9tag\u00e8re\" \/><figcaption class=\"elementor-image-carousel-caption\">sur mesure \u00e9tag\u00e8re<\/figcaption><\/figure><\/div><div class=\"swiper-slide\"><figure class=\"swiper-slide-inner\"><img decoding=\"async\" class=\"swiper-slide-image\" src=\"https:\/\/menuiserie-artdubois84.fr\/wp-content\/uploads\/elementor\/thumbs\/20160627_142955-1-ooqdxzhj3yb5rx0lz8vc6gxvsjuo9qx723g168vy60.jpg\" alt=\"porte de placard\" \/><figcaption class=\"elementor-image-carousel-caption\">porte de placard<\/figcaption><\/figure><\/div><div class=\"swiper-slide\"><figure class=\"swiper-slide-inner\"><img decoding=\"async\" class=\"swiper-slide-image\" src=\"https:\/\/menuiserie-artdubois84.fr\/wp-content\/uploads\/2020\/04\/IMAG0587.jpg\" alt=\"\" \/><\/figure><\/div><div class=\"swiper-slide\"><figure class=\"swiper-slide-inner\"><img decoding=\"async\" class=\"swiper-slide-image\" src=\"https:\/\/menuiserie-artdubois84.fr\/wp-content\/uploads\/2020\/04\/IMAG0600.jpg\" alt=\"\" \/><\/figure><\/div><div class=\"swiper-slide\"><figure class=\"swiper-slide-inner\"><img decoding=\"async\" class=\"swiper-slide-image\" src=\"https:\/\/menuiserie-artdubois84.fr\/wp-content\/uploads\/elementor\/thumbs\/IMG_20200424_110632-ooovi28cs3blijwyk23x51th1c2ehu5s9dghbuvw6w.jpg\" alt=\"gros frederic art du bois\" \/><figcaption class=\"elementor-image-carousel-caption\">gros frederic art du bois<\/figcaption><\/figure><\/div>\t\t\t<\/div>\n\t\t\t\t\t\t\t\t\t\t\t\t<div class=\"swiper-pagination\"><\/div>\n\t\t\t\t\t\t\t\t\t\t\t\t\t<div class=\"elementor-swiper-button elementor-swiper-button-prev\">\n\t\t\t\t\t\t<i aria-hidden=\"true\" class=\"eicon-chevron-left\"><\/i>\t\t\t\t\t\t<span class=\"elementor-screen-only\">Pr\u00e9c\u00e9dent<\/span>\n\t\t\t\t\t<\/div>\n\t\t\t\t\t<div class=\"elementor-swiper-button elementor-swiper-button-next\">\n\t\t\t\t\t\t<i aria-hidden=\"true\" class=\"eicon-chevron-right\"><\/i>\t\t\t\t\t\t<span class=\"elementor-screen-only\">Suivant<\/span>\n\t\t\t\t\t<\/div>\n\t\t\t\t\t\t\t\t\t<\/div>\n\t\t\t\t<\/div>\n\t\t\t\t<\/div>\n\t\t\t\t\t\t<\/div>\n\t\t\t\t\t<\/div>\n\t\t<\/div>\n\t\t\t\t\t\t\t\t<\/div>\n\t\t\t\t\t<\/div>\n\t\t<\/section>\n\t\t\t\t<section class=\"elementor-section elementor-top-section elementor-element elementor-element-fe0b60f elementor-section-boxed elementor-section-height-default elementor-section-height-default\" data-id=\"fe0b60f\" data-element_type=\"section\">\n\t\t\t\t\t\t<div class=\"elementor-container elementor-column-gap-default\">\n\t\t\t\t\t\t\t<div class=\"elementor-row\">\n\t\t\t\t\t<div class=\"elementor-column elementor-col-100 elementor-top-column elementor-element elementor-element-e3c5c3b\" data-id=\"e3c5c3b\" data-element_type=\"column\">\n\t\t\t<div class=\"elementor-column-wrap elementor-element-populated\">\n\t\t\t\t\t\t\t<div class=\"elementor-widget-wrap\">\n\t\t\t\t\t\t<div class=\"elementor-element elementor-element-6178a5e elementor-widget__width-inherit elementor-widget elementor-widget-text-editor\" data-id=\"6178a5e\" data-element_type=\"widget\" data-widget_type=\"text-editor.default\">\n\t\t\t\t<div class=\"elementor-widget-container\">\n\t\t\t\t\t\t\t\t<div class=\"elementor-text-editor elementor-clearfix\">\n\t\t\t\t<p>Realisation et fabrication sur mesure de placard, panderie, dressing, rayonnage&#8230;..<\/p><p>A chacun son rangement!!!<\/p><p>\u00a0\u00a0 Vos besoins et vos envies seront r\u00e9alis\u00e9s sur mesure dans notre atelier et pos\u00e9 par nos soins.<\/p><p>R\u00e9alisations en ch\u00eane, melamin\u00e9 peint, vernis, design, miroir&#8230;<\/p><p>Vous avez une id\u00e9e, nous pouvons vous la r\u00e9aliser, m\u00e9lange de mat\u00e9riaux ancien et moderne, contemporain industriel&#8230;.<\/p><p>Art du Bois r\u00e9alisation du sur mesure pour votre int\u00e9rieur et ext\u00e9rieur<\/p><p><strong>Art du Bois<\/strong><\/p><p><strong>\u00ab\u00a0Gros &amp; Fils\u00a0\u00bb<\/strong><\/p><p><strong>180 avenue de l&rsquo;\u00e9galit\u00e9<\/strong><\/p><p><strong>84800 isle sur la sorgue<\/strong><\/p><p><strong>04.90.38.40.28<\/strong><\/p>\t\t\t\t\t<\/div>\n\t\t\t\t\t\t<\/div>\n\t\t\t\t<\/div>\n\t\t\t\t\t\t<\/div>\n\t\t\t\t\t<\/div>\n\t\t<\/div>\n\t\t\t\t\t\t\t\t<\/div>\n\t\t\t\t\t<\/div>\n\t\t<\/section>\n\t\t\t\t<section class=\"elementor-section elementor-top-section elementor-element elementor-element-998c6a5 elementor-section-boxed elementor-section-height-default elementor-section-height-default\" data-id=\"998c6a5\" data-element_type=\"section\">\n\t\t\t\t\t\t<div class=\"elementor-container elementor-column-gap-default\">\n\t\t\t\t\t\t\t<div class=\"elementor-row\">\n\t\t\t\t\t<div class=\"elementor-column elementor-col-100 elementor-top-column elementor-element elementor-element-1a9d041\" data-id=\"1a9d041\" data-element_type=\"column\">\n\t\t\t<div class=\"elementor-column-wrap elementor-element-populated\">\n\t\t\t\t\t\t\t<div class=\"elementor-widget-wrap\">\n\t\t\t\t\t\t<div class=\"elementor-element elementor-element-31ed9f9 elementor-widget elementor-widget-google_maps\" data-id=\"31ed9f9\" data-element_type=\"widget\" data-widget_type=\"google_maps.default\">\n\t\t\t\t<div class=\"elementor-widget-container\">\n\t\t\t\t\t<div class=\"elementor-custom-embed\">\n\t\t\t<iframe frameborder=\"0\" scrolling=\"no\" marginheight=\"0\" marginwidth=\"0\"\n\t\t\t\t\tsrc=\"https:\/\/maps.google.com\/maps?q=180%20avenur%20de%20l%27egalit%C3%A9%20isle%20sur%20la%20sorgue&#038;t=m&#038;z=14&#038;output=embed&#038;iwloc=near\"\n\t\t\t\t\ttitle=\"180 avenur de l&#039;egalit\u00e9 isle sur la sorgue\"\n\t\t\t\t\taria-label=\"180 avenur de l&#039;egalit\u00e9 isle sur la sorgue\"\n\t\t\t><\/iframe>\n\t\t<\/div>\n\t\t\t\t<\/div>\n\t\t\t\t<\/div>\n\t\t\t\t\t\t<\/div>\n\t\t\t\t\t<\/div>\n\t\t<\/div>\n\t\t\t\t\t\t\t\t<\/div>\n\t\t\t\t\t<\/div>\n\t\t<\/section>\n\t\t\t\t\t\t<\/div>\n\t\t\t\t\t\t<\/div>\n\t\t\t\t\t<\/div>\n\t\t","protected":false},"excerpt":{"rendered":"<p>R\u00e9alisation dressing &amp; placard Art du Bois dressing porte en chene panderie dressing sur mesure porte de dressing armoire sur mesure et commode detail finition panderie dressing rayonnage sur mesure dressing rayonnage sur mesure porte de dressing porte coulissante dressing meuble sous escalier porte de dressing int\u00e9rieur dressing sur mesure \u00e9tag\u00e8re porte de placard gros &hellip;<\/p>\n<p class=\"read-more\"> <a class=\"\" href=\"https:\/\/menuiserie-artdubois84.fr\/?page_id=528\"> <span class=\"screen-reader-text\">dressing<\/span> Lire la suite\u00a0\u00bb<\/a><\/p>\n","protected":false},"author":1,"featured_media":315,"parent":0,"menu_order":0,"comment_status":"closed","ping_status":"closed","template":"","meta":{"footnotes":""},"class_list":["post-528","page","type-page","status-publish","has-post-thumbnail","hentry"],"yoast_head":"<!-- This site is optimized with the Yoast SEO plugin v15.3 - https:\/\/yoast.com\/wordpress\/plugins\/seo\/ -->\n<title>agencement interieur sur mesure-dressing-artdubois<\/title>\n<meta name=\"description\" content=\"R\u00e9alisation-Fabrication sur mesure de votre dressing-rayonnage-placard-penderie. Art du Bois conception de votre am\u00e9nagement int\u00e9rieur et ext\u00e9rieur.\" \/>\n<meta name=\"robots\" content=\"index, follow, max-snippet:-1, max-image-preview:large, max-video-preview:-1\" \/>\n<link rel=\"canonical\" href=\"https:\/\/menuiserie-artdubois84.fr\/?page_id=528\" \/>\n<meta property=\"og:locale\" content=\"fr_FR\" \/>\n<meta property=\"og:type\" content=\"article\" \/>\n<meta property=\"og:title\" content=\"agencement interieur sur mesure-dressing-artdubois\" \/>\n<meta property=\"og:description\" content=\"R\u00e9alisation-Fabrication sur mesure de votre dressing-rayonnage-placard-penderie. Art du Bois conception de votre am\u00e9nagement int\u00e9rieur et ext\u00e9rieur.\" \/>\n<meta property=\"og:url\" content=\"https:\/\/menuiserie-artdubois84.fr\/?page_id=528\" \/>\n<meta property=\"og:site_name\" content=\"ART DU BOIS &quot;Gros &amp; Fils&quot;\" \/>\n<meta property=\"article:modified_time\" content=\"2020-05-14T09:07:08+00:00\" \/>\n<meta property=\"og:image\" content=\"https:\/\/menuiserie-artdubois84.fr\/wp-content\/uploads\/2020\/04\/20190918_111415.jpg\" \/>\n\t<meta property=\"og:image:width\" content=\"1000\" \/>\n\t<meta property=\"og:image:height\" content=\"1333\" \/>\n<meta name=\"twitter:card\" content=\"summary_large_image\" \/>\n<meta name=\"twitter:label1\" content=\"\u00c9crit par\">\n\t<meta name=\"twitter:data1\" content=\"admin1174\">\n\t<meta name=\"twitter:label2\" content=\"Dur\u00e9e de lecture est.\">\n\t<meta name=\"twitter:data2\" content=\"1 minute\">\n<script type=\"application\/ld+json\" class=\"yoast-schema-graph\">{\"@context\":\"https:\/\/schema.org\",\"@graph\":[{\"@type\":\"WebSite\",\"@id\":\"https:\/\/menuiserie-artdubois84.fr\/#website\",\"url\":\"https:\/\/menuiserie-artdubois84.fr\/\",\"name\":\"ART DU BOIS &quot;Gros &amp; Fils&quot;\",\"description\":\"Menuiserie Bois  - Maitre Artisan\",\"potentialAction\":[{\"@type\":\"SearchAction\",\"target\":\"https:\/\/menuiserie-artdubois84.fr\/?s={search_term_string}\",\"query-input\":\"required name=search_term_string\"}],\"inLanguage\":\"fr-FR\"},{\"@type\":\"ImageObject\",\"@id\":\"https:\/\/menuiserie-artdubois84.fr\/?page_id=528#primaryimage\",\"inLanguage\":\"fr-FR\",\"url\":\"https:\/\/menuiserie-artdubois84.fr\/wp-content\/uploads\/2020\/04\/20190918_111415.jpg\",\"width\":1000,\"height\":1333,\"caption\":\"Penderie-Dressing en ch\\u00eane art du bois\"},{\"@type\":\"WebPage\",\"@id\":\"https:\/\/menuiserie-artdubois84.fr\/?page_id=528#webpage\",\"url\":\"https:\/\/menuiserie-artdubois84.fr\/?page_id=528\",\"name\":\"agencement interieur sur mesure-dressing-artdubois\",\"isPartOf\":{\"@id\":\"https:\/\/menuiserie-artdubois84.fr\/#website\"},\"primaryImageOfPage\":{\"@id\":\"https:\/\/menuiserie-artdubois84.fr\/?page_id=528#primaryimage\"},\"datePublished\":\"2020-04-28T12:23:12+00:00\",\"dateModified\":\"2020-05-14T09:07:08+00:00\",\"description\":\"R\\u00e9alisation-Fabrication sur mesure de votre dressing-rayonnage-placard-penderie. Art du Bois conception de votre am\\u00e9nagement int\\u00e9rieur et ext\\u00e9rieur.\",\"inLanguage\":\"fr-FR\",\"potentialAction\":[{\"@type\":\"ReadAction\",\"target\":[\"https:\/\/menuiserie-artdubois84.fr\/?page_id=528\"]}]}]}<\/script>\n<!-- \/ Yoast SEO plugin. -->","_links":{"self":[{"href":"https:\/\/menuiserie-artdubois84.fr\/index.php?rest_route=\/wp\/v2\/pages\/528","targetHints":{"allow":["GET"]}}],"collection":[{"href":"https:\/\/menuiserie-artdubois84.fr\/index.php?rest_route=\/wp\/v2\/pages"}],"about":[{"href":"https:\/\/menuiserie-artdubois84.fr\/index.php?rest_route=\/wp\/v2\/types\/page"}],"author":[{"embeddable":true,"href":"https:\/\/menuiserie-artdubois84.fr\/index.php?rest_route=\/wp\/v2\/users\/1"}],"replies":[{"embeddable":true,"href":"https:\/\/menuiserie-artdubois84.fr\/index.php?rest_route=%2Fwp%2Fv2%2Fcomments&post=528"}],"version-history":[{"count":10,"href":"https:\/\/menuiserie-artdubois84.fr\/index.php?rest_route=\/wp\/v2\/pages\/528\/revisions"}],"predecessor-version":[{"id":1176,"href":"https:\/\/menuiserie-artdubois84.fr\/index.php?rest_route=\/wp\/v2\/pages\/528\/revisions\/1176"}],"wp:featuredmedia":[{"embeddable":true,"href":"https:\/\/menuiserie-artdubois84.fr\/index.php?rest_route=\/wp\/v2\/media\/315"}],"wp:attachment":[{"href":"https:\/\/menuiserie-artdubois84.fr\/index.php?rest_route=%2Fwp%2Fv2%2Fmedia&parent=528"}],"curies":[{"name":"wp","href":"https:\/\/api.w.org\/{rel}","templated":true}]}}