{"id":755,"date":"2020-05-04T10:27:08","date_gmt":"2020-05-04T08:27:08","guid":{"rendered":"https:\/\/menuiserie-artdubois84.fr\/?page_id=755"},"modified":"2020-05-07T14:26:08","modified_gmt":"2020-05-07T12:26:08","slug":"politique-de-confidentialite","status":"publish","type":"page","link":"https:\/\/menuiserie-artdubois84.fr\/?page_id=755","title":{"rendered":"Politique de confidentialit\u00e9"},"content":{"rendered":"\t\t<div data-elementor-type=\"wp-page\" data-elementor-id=\"755\" class=\"elementor elementor-755\" data-elementor-settings=\"[]\">\n\t\t\t\t\t\t<div class=\"elementor-inner\">\n\t\t\t\t\t\t\t<div class=\"elementor-section-wrap\">\n\t\t\t\t\t\t\t<section class=\"elementor-section elementor-top-section elementor-element elementor-element-ecd5b26 elementor-section-boxed elementor-section-height-default elementor-section-height-default\" data-id=\"ecd5b26\" data-element_type=\"section\">\n\t\t\t\t\t\t<div class=\"elementor-container elementor-column-gap-default\">\n\t\t\t\t\t\t\t<div class=\"elementor-row\">\n\t\t\t\t\t<div class=\"elementor-column elementor-col-100 elementor-top-column elementor-element elementor-element-9c28d36\" data-id=\"9c28d36\" data-element_type=\"column\">\n\t\t\t<div class=\"elementor-column-wrap elementor-element-populated\">\n\t\t\t\t\t\t\t<div class=\"elementor-widget-wrap\">\n\t\t\t\t\t\t<div class=\"elementor-element elementor-element-4a21b37 elementor-widget elementor-widget-spacer\" data-id=\"4a21b37\" data-element_type=\"widget\" data-widget_type=\"spacer.default\">\n\t\t\t\t<div class=\"elementor-widget-container\">\n\t\t\t\t\t<div class=\"elementor-spacer\">\n\t\t\t<div class=\"elementor-spacer-inner\"><\/div>\n\t\t<\/div>\n\t\t\t\t<\/div>\n\t\t\t\t<\/div>\n\t\t\t\t<div class=\"elementor-element elementor-element-da33cd3 elementor-widget elementor-widget-heading\" data-id=\"da33cd3\" data-element_type=\"widget\" data-widget_type=\"heading.default\">\n\t\t\t\t<div class=\"elementor-widget-container\">\n\t\t\t<h2 class=\"elementor-heading-title elementor-size-default\">POlitique de confidentialit\u00e9<\/h2>\t\t<\/div>\n\t\t\t\t<\/div>\n\t\t\t\t\t\t<\/div>\n\t\t\t\t\t<\/div>\n\t\t<\/div>\n\t\t\t\t\t\t\t\t<\/div>\n\t\t\t\t\t<\/div>\n\t\t<\/section>\n\t\t\t\t<section class=\"elementor-section elementor-top-section elementor-element elementor-element-919420e elementor-section-boxed elementor-section-height-default elementor-section-height-default\" data-id=\"919420e\" data-element_type=\"section\">\n\t\t\t\t\t\t<div class=\"elementor-container elementor-column-gap-default\">\n\t\t\t\t\t\t\t<div class=\"elementor-row\">\n\t\t\t\t\t<div class=\"elementor-column elementor-col-50 elementor-top-column elementor-element elementor-element-72c68a8\" data-id=\"72c68a8\" data-element_type=\"column\">\n\t\t\t<div class=\"elementor-column-wrap elementor-element-populated\">\n\t\t\t\t\t\t\t<div class=\"elementor-widget-wrap\">\n\t\t\t\t\t\t<div class=\"elementor-element elementor-element-83896dd elementor-widget elementor-widget-image\" data-id=\"83896dd\" data-element_type=\"widget\" data-widget_type=\"image.default\">\n\t\t\t\t<div class=\"elementor-widget-container\">\n\t\t\t\t\t\t\t\t<div class=\"elementor-image\">\n\t\t\t\t\t\t\t\t\t\t\t\t<img loading=\"lazy\" decoding=\"async\" width=\"241\" height=\"209\" src=\"https:\/\/menuiserie-artdubois84.fr\/wp-content\/uploads\/2020\/05\/rgpd.jpg\" class=\"attachment-large size-large\" alt=\"\" \/>\t\t\t\t\t\t\t\t\t\t\t\t\t\t<\/div>\n\t\t\t\t\t\t<\/div>\n\t\t\t\t<\/div>\n\t\t\t\t\t\t<\/div>\n\t\t\t\t\t<\/div>\n\t\t<\/div>\n\t\t\t\t<div class=\"elementor-column elementor-col-50 elementor-top-column elementor-element elementor-element-d55e2d7\" data-id=\"d55e2d7\" data-element_type=\"column\">\n\t\t\t<div class=\"elementor-column-wrap elementor-element-populated\">\n\t\t\t\t\t\t\t<div class=\"elementor-widget-wrap\">\n\t\t\t\t\t\t<div class=\"elementor-element elementor-element-7abda6a elementor-widget elementor-widget-text-editor\" data-id=\"7abda6a\" data-element_type=\"widget\" data-widget_type=\"text-editor.default\">\n\t\t\t\t<div class=\"elementor-widget-container\">\n\t\t\t\t\t\t\t\t<div class=\"elementor-text-editor elementor-clearfix\">\n\t\t\t\t<p><strong>SARL ART DU BOIS\u00a0\u00ab\u00a0Gros &amp; Fils\u00a0\u00bb g\u00e9r\u00e9 par Mr Gros Frederic<\/strong>, r\u00e9dacteur des pr\u00e9sentes, met en oeuvre des traitements de donn\u00e9es \u00e0 caract\u00e8re personnel.<\/p><p>L\u2019entreprise SARL Art du Bois est une entreprise de menuiserie bois exclusivement, fabrication sur mesure et ou r\u00e9novation de tous produits concernant l\u2019habitat et\u00a0 lieu d\u2019activit\u00e9 commerciale ou accueillant du public.<\/p><p>Les donn\u00e9es \u00e0 caract\u00e8re personnel qui sont collect\u00e9es varient en fonction de la fa\u00e7on dont les services sont utilis\u00e9s. Les donn\u00e9es \u00e0 caract\u00e8re personnel collect\u00e9es ou d\u00e9tenues sont directement communiqu\u00e9es par la personne elle-m\u00eame ou proviennent de tiers, ou sont collect\u00e9es \u00e0 partir de l&rsquo;activit\u00e9 sur le site internet et de l&rsquo;utilisation des services.<\/p><p>La mani\u00e8re dont les donn\u00e9es sont collect\u00e9es et les d\u00e9tails de l&rsquo;utilisation qui en est faite sont expos\u00e9s ci-apr\u00e8s :<\/p><p>\u00a0<\/p><ul><li>Prospection commerciale et marketing<\/li><\/ul><p>Sont collect\u00e9es et trait\u00e9es les informations suivantes : les coordonn\u00e9es, telles que nom, pr\u00e9nom, adresse du domicile, pays de r\u00e9sidence, num\u00e9ro de t\u00e9l\u00e9phone, adresse \u00e9lectronique.<\/p><p>L&rsquo;utilisation de ces informations constituant des donn\u00e9es \u00e0 caract\u00e8re personnel a pour finalit\u00e9 :<\/p><p>Le cas \u00e9ch\u00e9ant d&rsquo;envoyer des communications au sujet des produits et services, \u00e0 des fins de prospection commerciale. Ces communications peuvent rev\u00eatir la forme d&rsquo;un courrier \u00e9lectronique ou postale, d&rsquo;un SMS, d&rsquo;un appel t\u00e9l\u00e9phonique ou d&rsquo;une publicit\u00e9 en ligne cibl\u00e9e. Ces donn\u00e9es sont conserv\u00e9es \u00e0 des fins de prospection pendant une dur\u00e9e maximale de 3 ans.<\/p><p>Lorsque des donn\u00e9es ont \u00e9t\u00e9 collect\u00e9es \u00e0 l&rsquo;occasion de la fourniture d&rsquo;une prestation ou d&rsquo;un service ou de demandes de renseignements, des informations sur des prestations ou services semblables ou cibl\u00e9s en fonction des demandes pr\u00e9c\u00e9dentes peuvent \u00eatre envoy\u00e9es, sauf si la personne concern\u00e9e demande de cesser l&rsquo;envoi de ces communications commerciales ou choisi de ne pas recevoir celles-ci. Ces donn\u00e9es sont conserv\u00e9es \u00e0 des fins de prospection jusqu&rsquo;\u00e0 3 ans apr\u00e8s la collecte des donn\u00e9es.<\/p><p>Chaque fois qu&rsquo;une communication \u00e9lectronique \u00e0 des fins de prospection commerciale est adress\u00e9e, le destinataire a la possibilit\u00e9 de choisir de ne plus en recevoir \u00e0 l&rsquo;avenir gr\u00e2ce \u00e0 un lien de d\u00e9sinscription. En outre, il est possible, \u00e0 tout moment, d&rsquo;adresser un courrier \u00e9lectronique \u00e0 l&rsquo;adresse \u00e9lectronique suivante : artdubois84@gmail.com, afin de demander de cesser l&rsquo;envoi de ces communications commerciales.<\/p><p>L&rsquo;utilisation des donn\u00e9es et informations telle que d\u00e9crite ci-dessus est autoris\u00e9e par la r\u00e9glementation applicable \u00e0 la protection des donn\u00e9es personnelles. Dans la plupart des cas, ce traitement des donn\u00e9es \u00e0 caract\u00e8re personnel \u00e0 des fins de prospection commerciale est fond\u00e9 sur l&rsquo;int\u00e9r\u00eat l\u00e9gitime du Cabinetde l&rsquo;Etudede la Soci\u00e9t\u00e9.<\/p><p>Par ailleurs, lorsque la personne concern\u00e9e y a consenti directement aupr\u00e8s des partenaires de la Soci\u00e9t\u00e9 Art du Bois \u00ab\u00a0Gros et fils\u00a0\u00bb \u00a0(tels que des compagnies d&rsquo;assurance, des sites de comparateurs, des plateformes de r\u00e9seaux sociaux, des agences marketing et plateformes d&rsquo;affiliation, des moteurs de recherche, des sites d&rsquo;annonces immobili\u00e8res en ligne), la Soci\u00e9t\u00e9 Art du Bois peut recevoir ses donn\u00e9es personnelles. L&rsquo;utilisation de ces informations par la Soci\u00e9t\u00e9 dument cit\u00e9 est alors possible afin de promouvoir ses prestations et services dans les conditions d\u00e9crites ci-dessus.<\/p><p>\u00a0<\/p><ul><li>Questionnaire en ligne<\/li><\/ul><p>Les informations suivantes sont collect\u00e9es et trait\u00e9es : l&rsquo;adresse IP, le code postal, le num\u00e9ro de t\u00e9l\u00e9phone, et le cas \u00e9ch\u00e9ant les \u00e9l\u00e9ments fournis dans le questionnaire en ligne.<\/p><p>L&rsquo;utilisation de ces informations est faite uniquement afin d&rsquo;\u00e9tablir un contact avec la personne ayant rempli le questionnaire en ligne et afin de lui proposer un rendez-vous avec le g\u00e9rant de la Soci\u00e9t\u00e9 \u00a0Art du bois pour \u00e9tablir un devis personnalis\u00e9 sans engagement et en assurer le suivi \u00e0 l&rsquo;issue de la prise de contact. Ce contact sera \u00e9tabli par t\u00e9l\u00e9phone et\/ou courrier \u00e9lectronique.<\/p><p>\u00a0<\/p><p>Les donn\u00e9es collect\u00e9es \u00e0 l&rsquo;occasion de l&rsquo;envoi du questionnaire en ligne compl\u00e9t\u00e9 sont conserv\u00e9es pendant une dur\u00e9e maximale de 3 ans.<\/p><p>L&rsquo;utilisation de ces informations telle que d\u00e9crite ci-dessus est autoris\u00e9e par la r\u00e9glementation applicable \u00e0 la protection des donn\u00e9es personnelles. Le traitement de ces donn\u00e9es \u00e0 caract\u00e8re personnel repose dans ce cas sur le consentement de la personne concern\u00e9e.<\/p><p>\u00a0<\/p><p>\u00a0<\/p><ul><li>A partir de l&rsquo;utilisation du site internet<\/li><\/ul><p>Le site de la Soci\u00e9t\u00e9 Art du Bois utilise la technologie des cookies pour am\u00e9liorer la navigation ainsi que l&rsquo;exp\u00e9rience des utilisateurs du site. Lors de la consultation de celui-ci, ces cookies peuvent \u00eatre enregistr\u00e9s sur les navigateurs du support utilis\u00e9, quel que soit le terminal (ordinateur, tablette, Smartphone). Ils servent notamment lors de l&rsquo;identification pour des analyses de la fr\u00e9quentation et de l&rsquo;utilisation des \u00e9l\u00e9ments du site. A tout moment, les visiteurs peuvent d\u00e9cider d&rsquo;accepter ou de refuser l&rsquo;utilisation des cookies ainsi que modifier leurs pr\u00e9f\u00e9rences.<\/p><p>Le cookie poss\u00e8de une dur\u00e9e de validit\u00e9 qui varie en fonction du type de cookie et permet la reconnaissance du visiteur lors d&rsquo;une prochaine utilisation du site internet. En tout \u00e9tat de cause, cette dur\u00e9e nexc\u00e8de pas 13 mois.<\/p><p>Les visiteurs peuvent d\u00e9cider d&rsquo;accepter ou de refuser les cookies lors de leur navigation sur le site. A cet effet, la Soci\u00e9t\u00e9 fait apparaitre sur son site un bandeau d&rsquo;information pr\u00e9alable invitant le visiteur \u00e0 accepter les cookies. Tant que le visiteur n&rsquo;a pas donn\u00e9 son consentement au recueil des cookies, aucun cookie ne pourra \u00eatre d\u00e9pos\u00e9 sur son terminal, \u00e0 l&rsquo;exception des cookies exempt\u00e9s du recueil du consentement dans la mesure o\u00f9 ils sont strictement n\u00e9cessaires \u00e0 la fourniture d&rsquo;un service express\u00e9ment demand\u00e9 par l&rsquo;utilisateur.<\/p><p>\u00a0<\/p><ul><li>Dans le cadre des prestations et services fournis<\/li><\/ul><p>Les informations suivantes sont collect\u00e9es et trait\u00e9es : le nom, le pr\u00e9nom, l&rsquo;adresse, le(s) num\u00e9ro(s) de t\u00e9l\u00e9phone(s), l&rsquo;adresse \u00e9lectronique.<\/p><p>En outre, pour l&rsquo;ex\u00e9cution de mesures pr\u00e9-contractuelles ou du contrat avec la Soci\u00e9t\u00e9 ART DU BOIS, lorsque l&rsquo;entit\u00e9 met en oeuvre un traitement ayant pour finalit\u00e9 : la prospection, la production, la gestion, le suivi des demandes et des dossiers de ses clients, la r\u00e9daction d&rsquo;actes pour le compte de ses clients, la pr\u00e9vention du blanchiment et du financement du terrorisme et la lutte contre la corruption, la facturation et la comptabilit\u00e9.<\/p><p>Tous les \u00e9l\u00e9ments n\u00e9cessaires \u00e0 ces finalit\u00e9s sont collect\u00e9s et trait\u00e9s.<\/p><p>Ces informations sont utilis\u00e9es pour honorer les finalit\u00e9s li\u00e9es aux prestations et services sollicit\u00e9s.<\/p><p>Ces traitements sont autoris\u00e9s par la r\u00e9glementation applicable \u00e0 la protection des donn\u00e9es personnelles, et dans tous les cas reposent sur le fondement juridique du contrat liant les personnes concern\u00e9es et la Soci\u00e9t\u00e9 Art du Bois ou celui de l&rsquo;int\u00e9r\u00eat l\u00e9gitime. Sauf disposition contraire, les informations vis\u00e9es ci-dessus sont n\u00e9cessaires afin de remplir nos obligations contractuelles.<\/p><p>\u00a0<\/p><p>Les droits li\u00e9s aux donn\u00e9es personnelles<\/p><p>Toute personne dont les donn\u00e9es personnelles ont \u00e9t\u00e9 collect\u00e9es et trait\u00e9es dans le cadre de la mise en oeuvre de la pr\u00e9sente politique de confidentialit\u00e9 disposent des droits ci-apr\u00e8s mentionn\u00e9s :<\/p><ul><li>le droit d&rsquo;acc\u00e9der \u00e0 ses donn\u00e9es \u00e0 caract\u00e8re personnel ;<\/li><li>le droit de corriger toute erreur figurant dans les fichiers ;<\/li><li>le droit de faire effacer ses donn\u00e9es \u00e0 caract\u00e8re personnel, de limiter leur traitement ou de s&rsquo;y opposer ;<\/li><li>le droit de retirer son consentement ;<\/li><li>le droit de s&rsquo;opposer \u00e0 la r\u00e9ception de documents de prospection commerciale \u00e0 l&rsquo;avenir ;<\/li><li>dans certaines circonstances, le droit de veiller \u00e0 ce que ces informations soient transf\u00e9r\u00e9es \u00e0 un tiers.<\/li><li>le droit de d\u00e9finir des directives g\u00e9n\u00e9rales et particuli\u00e8res d\u00e9finissant la mani\u00e8re dont elle entent que soient exerc\u00e9s, apr\u00e8s son d\u00e9c\u00e8s, les droits mentionn\u00e9s ci-dessus par courrier \u00e9lectronique \u00e0 l&rsquo;adresse suivante\u00a0: <a href=\"mailto:artdubois84@gmail.com\">artdubois84@gmail.com<\/a> par courrier postal \u00e0 l&rsquo;adresse suivante\u00a0: SARL Art du Bois 180 avenue de l\u2019\u00e9galit\u00e9\u00a0 84800 Isle sur la sorgue\u00a0; accompagn\u00e9es d&rsquo;une copie d&rsquo;une pi\u00e8ce d&rsquo;identit\u00e9 sign\u00e9e.<\/li><\/ul><p>\u00a0<\/p><p>Statut de la pr\u00e9sente politique de confidentialit\u00e9<\/p><p>La pr\u00e9sente politique de confidentialit\u00e9 a \u00e9t\u00e9 mise \u00e0 jour le \u00a007\/05\/2020. Nous nous r\u00e9servons le droit de la modifier \u00e0 tout moment afin de fournir une information \u00e0 jour sur la fa\u00e7on dont nous collectons et traitons les donn\u00e9es.<\/p><p>\u00a0<\/p><p>COOKIES\u00a0:<\/p><p>L\u2019Utilisateur est inform\u00e9 que des \u00ab cookies \u00bb sont implant\u00e9s dans son ordinateur, son mobile ou sa tablette, lors de la consultation du Site. Un cookie ne permet pas d\u2019identifier un Utilisateur. En revanche, il enregistre des informations relatives \u00e0 la navigation de l\u2019ordinateur sur le Site (les pages consult\u00e9es, la date et l&rsquo;heure de la consultation, etc.) qui pourront \u00eatre lues lors de visites ult\u00e9rieures afin de faciliter l&rsquo;ergonomie de la visite et am\u00e9liorer la fourniture des Services. La dur\u00e9e maximale de conservation de ces informations dans l\u2019ordinateur est de 1 an. L\u2019Utilisateur peut choisir, \u00e0 tout moment, de d\u00e9sactiver ces cookies ou param\u00e9trer son navigateur afin que lui soient signal\u00e9s les cookies qui sont d\u00e9pos\u00e9s et lui soit demand\u00e9 d\u2019accepter ou non de tels cookies.<\/p><p>\u00a0L\u2019Utilisateur peut restreindre l\u2019utilisation des cookies en modifiant les param\u00e8tres de son navigateur de la mani\u00e8re suivante:<\/p><p><strong>Sous Internet Explorer:<\/strong><\/p><ul><li>Cliquez sur Outils dans la partie sup\u00e9rieure de la fen\u00eatre du navigateur et s\u00e9lectionnez Options Internet.<\/li><li>Cliquez sur l&rsquo;onglet Confidentialit\u00e9.<\/li><li>Pour activer les cookies, placez le curseur sur Moyenne ou sur un param\u00e8tre inf\u00e9rieur.<\/li><li>Pour d\u00e9sactiver les cookies, placez le curseur tout en haut afin de bloquer tous les cookies.<\/li><\/ul><p><strong>Sous Firefox:<\/strong><\/p><ul><li>Cliquez sur Outils dans le menu du navigateur et s\u00e9lectionnez Options.<\/li><li>S\u00e9lectionnez le volet Vie priv\u00e9e.<\/li><li>Pour activer les cookies, cochez la case Accepter les cookies du Site.<\/li><li>Pour d\u00e9sactiver les cookies, d\u00e9s\u00e9lectionnez la case Accepter les cookies du Site.<\/li><\/ul><p><strong>Sous Chrome:<\/strong><\/p><ul><li>Cliquez sur l&rsquo;ic\u00f4ne en haut \u00e0 droite de la barre de recherche de votre navigateur.<\/li><li>S\u00e9lectionnez l&rsquo;option Param\u00e8tres.<\/li><li>Cliquez sur Afficher les Param\u00e8tres avanc\u00e9s.<\/li><li>Dans la section Confidentialit\u00e9, cliquez sur le bouton Param\u00e8tres de contenu.<\/li><li>Pour activer les cookies, s\u00e9lectionnez Autoriser le stockage des donn\u00e9es locales dans la section Cookies.<\/li><li>Pour d\u00e9sactiver les cookies, s\u00e9lectionnez Interdire \u00e0 tous les sites de stocker des donn\u00e9es dans la section Cookies.<\/li><\/ul><p><strong>Sous Safari:<\/strong><\/p><ul><li>S\u00e9lectionnez l\u2019onglet Pr\u00e9f\u00e9rences, puis cliquez sur Confidentialit\u00e9.<\/li><li>Dans la section Bloquer les cookies, indiquez si Safari doit accepter les cookies du Site et dans quelles circonstances.<\/li><li>Pour obtenir une explication de chaque option, cliquez sur D\u00e9tails.<\/li><li>Pour savoir quels sites Web stockent des cookies sur votre ordinateur, cliquez sur D\u00e9tails.<\/li><\/ul><p>Afin de restreindre les cookies des autres navigateurs, l\u2019Utilisateur doit se rendre sur la page Web officielle du navigateur ou du fabricant du p\u00e9riph\u00e9rique ou consulter la documentation fournie, et en suivre les instructions.<\/p>\t\t\t\t\t<\/div>\n\t\t\t\t\t\t<\/div>\n\t\t\t\t<\/div>\n\t\t\t\t\t\t<\/div>\n\t\t\t\t\t<\/div>\n\t\t<\/div>\n\t\t\t\t\t\t\t\t<\/div>\n\t\t\t\t\t<\/div>\n\t\t<\/section>\n\t\t\t\t\t\t<\/div>\n\t\t\t\t\t\t<\/div>\n\t\t\t\t\t<\/div>\n\t\t","protected":false},"excerpt":{"rendered":"<p>POlitique de confidentialit\u00e9 SARL ART DU BOIS&nbsp;\u00ab&nbsp;Gros &amp; Fils&nbsp;\u00bb g\u00e9r\u00e9 par Mr Gros Frederic, r\u00e9dacteur des pr\u00e9sentes, met en oeuvre des traitements de donn\u00e9es \u00e0 caract\u00e8re personnel. L\u2019entreprise SARL Art du Bois est une entreprise de menuiserie bois exclusivement, fabrication sur mesure et ou r\u00e9novation de tous produits concernant l\u2019habitat et&nbsp; lieu d\u2019activit\u00e9 commerciale ou &hellip;<\/p>\n<p class=\"read-more\"> <a class=\"\" href=\"https:\/\/menuiserie-artdubois84.fr\/?page_id=755\"> <span class=\"screen-reader-text\">Politique de confidentialit\u00e9<\/span> Lire la suite\u00a0\u00bb<\/a><\/p>\n","protected":false},"author":1,"featured_media":0,"parent":0,"menu_order":0,"comment_status":"closed","ping_status":"closed","template":"","meta":{"footnotes":""},"class_list":["post-755","page","type-page","status-publish","hentry"],"yoast_head":"<!-- This site is optimized with the Yoast SEO plugin v15.3 - https:\/\/yoast.com\/wordpress\/plugins\/seo\/ -->\n<title>Politique de confidentialit\u00e9 - ART DU BOIS &quot;Gros &amp; Fils&quot;<\/title>\n<meta name=\"robots\" content=\"index, follow, max-snippet:-1, max-image-preview:large, max-video-preview:-1\" \/>\n<link rel=\"canonical\" href=\"https:\/\/menuiserie-artdubois84.fr\/?page_id=755\" \/>\n<meta property=\"og:locale\" content=\"fr_FR\" \/>\n<meta property=\"og:type\" content=\"article\" \/>\n<meta property=\"og:title\" content=\"Politique de confidentialit\u00e9 - ART DU BOIS &quot;Gros &amp; Fils&quot;\" \/>\n<meta property=\"og:description\" content=\"POlitique de confidentialit\u00e9 SARL ART DU BOIS&nbsp;\u00ab&nbsp;Gros &amp; Fils&nbsp;\u00bb g\u00e9r\u00e9 par Mr Gros Frederic, r\u00e9dacteur des pr\u00e9sentes, met en oeuvre des traitements de donn\u00e9es \u00e0 caract\u00e8re personnel. L\u2019entreprise SARL Art du Bois est une entreprise de menuiserie bois exclusivement, fabrication sur mesure et ou r\u00e9novation de tous produits concernant l\u2019habitat et&nbsp; lieu d\u2019activit\u00e9 commerciale ou &hellip; Politique de confidentialit\u00e9 Lire la suite\u00a0\u00bb\" \/>\n<meta property=\"og:url\" content=\"https:\/\/menuiserie-artdubois84.fr\/?page_id=755\" \/>\n<meta property=\"og:site_name\" content=\"ART DU BOIS &quot;Gros &amp; Fils&quot;\" \/>\n<meta property=\"article:modified_time\" content=\"2020-05-07T12:26:08+00:00\" \/>\n<meta property=\"og:image\" content=\"https:\/\/menuiserie-artdubois84.fr\/wp-content\/uploads\/2020\/05\/rgpd.jpg\" \/>\n<meta name=\"twitter:card\" content=\"summary_large_image\" \/>\n<meta name=\"twitter:label1\" content=\"\u00c9crit par\">\n\t<meta name=\"twitter:data1\" content=\"admin1174\">\n\t<meta name=\"twitter:label2\" content=\"Dur\u00e9e de lecture est.\">\n\t<meta name=\"twitter:data2\" content=\"8 minutes\">\n<script type=\"application\/ld+json\" class=\"yoast-schema-graph\">{\"@context\":\"https:\/\/schema.org\",\"@graph\":[{\"@type\":\"WebSite\",\"@id\":\"https:\/\/menuiserie-artdubois84.fr\/#website\",\"url\":\"https:\/\/menuiserie-artdubois84.fr\/\",\"name\":\"ART DU BOIS &quot;Gros &amp; Fils&quot;\",\"description\":\"Menuiserie Bois  - Maitre Artisan\",\"potentialAction\":[{\"@type\":\"SearchAction\",\"target\":\"https:\/\/menuiserie-artdubois84.fr\/?s={search_term_string}\",\"query-input\":\"required name=search_term_string\"}],\"inLanguage\":\"fr-FR\"},{\"@type\":\"ImageObject\",\"@id\":\"https:\/\/menuiserie-artdubois84.fr\/?page_id=755#primaryimage\",\"inLanguage\":\"fr-FR\",\"url\":\"https:\/\/menuiserie-artdubois84.fr\/wp-content\/uploads\/2020\/05\/rgpd.jpg\",\"width\":241,\"height\":209},{\"@type\":\"WebPage\",\"@id\":\"https:\/\/menuiserie-artdubois84.fr\/?page_id=755#webpage\",\"url\":\"https:\/\/menuiserie-artdubois84.fr\/?page_id=755\",\"name\":\"Politique de confidentialit\\u00e9 - ART DU BOIS &quot;Gros &amp; Fils&quot;\",\"isPartOf\":{\"@id\":\"https:\/\/menuiserie-artdubois84.fr\/#website\"},\"primaryImageOfPage\":{\"@id\":\"https:\/\/menuiserie-artdubois84.fr\/?page_id=755#primaryimage\"},\"datePublished\":\"2020-05-04T08:27:08+00:00\",\"dateModified\":\"2020-05-07T12:26:08+00:00\",\"inLanguage\":\"fr-FR\",\"potentialAction\":[{\"@type\":\"ReadAction\",\"target\":[\"https:\/\/menuiserie-artdubois84.fr\/?page_id=755\"]}]}]}<\/script>\n<!-- \/ Yoast SEO plugin. -->","_links":{"self":[{"href":"https:\/\/menuiserie-artdubois84.fr\/index.php?rest_route=\/wp\/v2\/pages\/755","targetHints":{"allow":["GET"]}}],"collection":[{"href":"https:\/\/menuiserie-artdubois84.fr\/index.php?rest_route=\/wp\/v2\/pages"}],"about":[{"href":"https:\/\/menuiserie-artdubois84.fr\/index.php?rest_route=\/wp\/v2\/types\/page"}],"author":[{"embeddable":true,"href":"https:\/\/menuiserie-artdubois84.fr\/index.php?rest_route=\/wp\/v2\/users\/1"}],"replies":[{"embeddable":true,"href":"https:\/\/menuiserie-artdubois84.fr\/index.php?rest_route=%2Fwp%2Fv2%2Fcomments&post=755"}],"version-history":[{"count":6,"href":"https:\/\/menuiserie-artdubois84.fr\/index.php?rest_route=\/wp\/v2\/pages\/755\/revisions"}],"predecessor-version":[{"id":1164,"href":"https:\/\/menuiserie-artdubois84.fr\/index.php?rest_route=\/wp\/v2\/pages\/755\/revisions\/1164"}],"wp:attachment":[{"href":"https:\/\/menuiserie-artdubois84.fr\/index.php?rest_route=%2Fwp%2Fv2%2Fmedia&parent=755"}],"curies":[{"name":"wp","href":"https:\/\/api.w.org\/{rel}","templated":true}]}}