{"id":876,"date":"2020-05-04T15:12:23","date_gmt":"2020-05-04T13:12:23","guid":{"rendered":"https:\/\/menuiserie-artdubois84.fr\/?page_id=876"},"modified":"2020-05-18T09:02:43","modified_gmt":"2020-05-18T07:02:43","slug":"pose-de-parquet-isle-sur-la-sorgue","status":"publish","type":"page","link":"https:\/\/menuiserie-artdubois84.fr\/?page_id=876","title":{"rendered":"PARQUET"},"content":{"rendered":"\t\t<div data-elementor-type=\"wp-page\" data-elementor-id=\"876\" class=\"elementor elementor-876\" data-elementor-settings=\"[]\">\n\t\t\t\t\t\t<div class=\"elementor-inner\">\n\t\t\t\t\t\t\t<div class=\"elementor-section-wrap\">\n\t\t\t\t\t\t\t<section class=\"elementor-section elementor-top-section elementor-element elementor-element-a69641c elementor-section-boxed elementor-section-height-default elementor-section-height-default\" data-id=\"a69641c\" data-element_type=\"section\">\n\t\t\t\t\t\t<div class=\"elementor-container elementor-column-gap-default\">\n\t\t\t\t\t\t\t<div class=\"elementor-row\">\n\t\t\t\t\t<div class=\"elementor-column elementor-col-100 elementor-top-column elementor-element elementor-element-3e7547b\" data-id=\"3e7547b\" data-element_type=\"column\">\n\t\t\t<div class=\"elementor-column-wrap elementor-element-populated\">\n\t\t\t\t\t\t\t<div class=\"elementor-widget-wrap\">\n\t\t\t\t\t\t<div class=\"elementor-element elementor-element-82a7d5f elementor-widget elementor-widget-heading\" data-id=\"82a7d5f\" data-element_type=\"widget\" data-widget_type=\"heading.default\">\n\t\t\t\t<div class=\"elementor-widget-container\">\n\t\t\t<h2 class=\"elementor-heading-title elementor-size-large\">R\u00e9alisation Pose de Parquet  Art du Bois<\/h2>\t\t<\/div>\n\t\t\t\t<\/div>\n\t\t\t\t\t\t<\/div>\n\t\t\t\t\t<\/div>\n\t\t<\/div>\n\t\t\t\t\t\t\t\t<\/div>\n\t\t\t\t\t<\/div>\n\t\t<\/section>\n\t\t\t\t<section class=\"elementor-section elementor-top-section elementor-element elementor-element-edd0752 elementor-section-boxed elementor-section-height-default elementor-section-height-default\" data-id=\"edd0752\" data-element_type=\"section\">\n\t\t\t\t\t\t<div class=\"elementor-container elementor-column-gap-default\">\n\t\t\t\t\t\t\t<div class=\"elementor-row\">\n\t\t\t\t\t<div class=\"elementor-column elementor-col-100 elementor-top-column elementor-element elementor-element-4e6c359\" data-id=\"4e6c359\" data-element_type=\"column\">\n\t\t\t<div class=\"elementor-column-wrap elementor-element-populated\">\n\t\t\t\t\t\t\t<div class=\"elementor-widget-wrap\">\n\t\t\t\t\t\t<div class=\"elementor-element elementor-element-ec8fb40 elementor-arrows-position-outside elementor-pagination-position-outside elementor-widget elementor-widget-image-carousel\" data-id=\"ec8fb40\" data-element_type=\"widget\" data-settings=\"{&quot;slides_to_show&quot;:&quot;3&quot;,&quot;slides_to_scroll&quot;:&quot;3&quot;,&quot;navigation&quot;:&quot;both&quot;,&quot;autoplay&quot;:&quot;yes&quot;,&quot;pause_on_hover&quot;:&quot;yes&quot;,&quot;pause_on_interaction&quot;:&quot;yes&quot;,&quot;autoplay_speed&quot;:5000,&quot;infinite&quot;:&quot;yes&quot;,&quot;speed&quot;:500}\" data-widget_type=\"image-carousel.default\">\n\t\t\t\t<div class=\"elementor-widget-container\">\n\t\t\t\t\t<div class=\"elementor-image-carousel-wrapper swiper-container\" dir=\"ltr\">\n\t\t\t<div class=\"elementor-image-carousel swiper-wrapper\">\n\t\t\t\t\t\t\t\t<div class=\"swiper-slide\"><figure class=\"swiper-slide-inner\"><img decoding=\"async\" class=\"swiper-slide-image\" src=\"https:\/\/menuiserie-artdubois84.fr\/wp-content\/uploads\/elementor\/thumbs\/20181008_212109-op0w9pma7uorn1lscg4evkvxv5yfxcaflha2tys88o.jpg\" alt=\"PARQUET POSE POINT DE HONGRIE\" \/><figcaption class=\"elementor-image-carousel-caption\">PARQUET POSE POINT DE HONGRIE<\/figcaption><\/figure><\/div><div class=\"swiper-slide\"><figure class=\"swiper-slide-inner\"><img decoding=\"async\" class=\"swiper-slide-image\" src=\"https:\/\/menuiserie-artdubois84.fr\/wp-content\/uploads\/elementor\/thumbs\/20160627_142945-op0w9jz92uh1pdtz9dongmb6auq8n5o1kpd5yb0la0.jpg\" alt=\"PARQUET GRIS\" \/><figcaption class=\"elementor-image-carousel-caption\">PARQUET GRIS<\/figcaption><\/figure><\/div><div class=\"swiper-slide\"><figure class=\"swiper-slide-inner\"><img decoding=\"async\" class=\"swiper-slide-image\" src=\"https:\/\/menuiserie-artdubois84.fr\/wp-content\/uploads\/elementor\/thumbs\/20181008_212247-op0w9sfsscsmlvhovzcal26bnbkjkflmlv8j9so1q0.jpg\" alt=\"PARQUET POSE POINT DE HONGRIE\" \/><figcaption class=\"elementor-image-carousel-caption\">PARQUET POSE POINT DE HONGRIE<\/figcaption><\/figure><\/div><div class=\"swiper-slide\"><figure class=\"swiper-slide-inner\"><img decoding=\"async\" class=\"swiper-slide-image\" src=\"https:\/\/menuiserie-artdubois84.fr\/wp-content\/uploads\/elementor\/thumbs\/DSCF9775-op0wa7h7tpd7rmvug5uboydp5hiezl9bzxoay81qyg.jpg\" alt=\"PARQUET CHENE BRUT\" \/><figcaption class=\"elementor-image-carousel-caption\">PARQUET CHENE BRUT<\/figcaption><\/figure><\/div><div class=\"swiper-slide\"><figure class=\"swiper-slide-inner\"><img decoding=\"async\" class=\"swiper-slide-image\" src=\"https:\/\/menuiserie-artdubois84.fr\/wp-content\/uploads\/elementor\/thumbs\/20181008_212320-op0w9x4zqiz27xav4jdffizmm8xdmx4aaihyo6h2uw.jpg\" alt=\"PARQUET CHENE\" \/><figcaption class=\"elementor-image-carousel-caption\">PARQUET CHENE<\/figcaption><\/figure><\/div><div class=\"swiper-slide\"><figure class=\"swiper-slide-inner\"><img decoding=\"async\" class=\"swiper-slide-image\" src=\"https:\/\/menuiserie-artdubois84.fr\/wp-content\/uploads\/elementor\/thumbs\/IMG_20200424_081011-op0waezxcdnicikx893c8whdwkhcp636oyw6sfqlko.jpg\" alt=\"PARQUET\" \/><figcaption class=\"elementor-image-carousel-caption\">PARQUET<\/figcaption><\/figure><\/div><div class=\"swiper-slide\"><figure class=\"swiper-slide-inner\"><img decoding=\"async\" class=\"swiper-slide-image\" src=\"https:\/\/menuiserie-artdubois84.fr\/wp-content\/uploads\/elementor\/thumbs\/20191017_153228-op0wa0wchv47id5eikzxpi1gzseuhpj7n13wlabi60.jpg\" alt=\"MEZANINE\" \/><figcaption class=\"elementor-image-carousel-caption\">MEZANINE<\/figcaption><\/figure><\/div><div class=\"swiper-slide\"><figure class=\"swiper-slide-inner\"><img decoding=\"async\" class=\"swiper-slide-image\" src=\"https:\/\/menuiserie-artdubois84.fr\/wp-content\/uploads\/elementor\/thumbs\/parquet-pose-op0wvvn9e717fzelwj2o6hia7ap2gdajn75b9vwzi0.jpg\" alt=\"pose de parquet\" \/><figcaption class=\"elementor-image-carousel-caption\">pose de parquet<\/figcaption><\/figure><\/div><div class=\"swiper-slide\"><figure class=\"swiper-slide-inner\"><img decoding=\"async\" class=\"swiper-slide-image\" src=\"https:\/\/menuiserie-artdubois84.fr\/wp-content\/uploads\/elementor\/thumbs\/parquet-ch\u00eane-clair-21-op0wvq0896thibmstgmwriximzgv66o5mf8ee85cjc.jpg\" alt=\"parquet bois chene\" \/><figcaption class=\"elementor-image-carousel-caption\">parquet bois chene<\/figcaption><\/figure><\/div><div class=\"swiper-slide\"><figure class=\"swiper-slide-inner\"><img decoding=\"async\" class=\"swiper-slide-image\" src=\"https:\/\/menuiserie-artdubois84.fr\/wp-content\/uploads\/elementor\/thumbs\/parquet-chene-vernie-op0wvrvwmuw25jk2ihg5wigftr7llkvmaojdcs2k6w.jpg\" alt=\"parquet chene vernie\" \/><figcaption class=\"elementor-image-carousel-caption\">parquet chene vernie<\/figcaption><\/figure><\/div><div class=\"swiper-slide\"><figure class=\"swiper-slide-inner\"><img decoding=\"async\" class=\"swiper-slide-image\" src=\"https:\/\/menuiserie-artdubois84.fr\/wp-content\/uploads\/elementor\/thumbs\/pose-de-parquet-op0wvxixrv3s37bvljvxbh17e2fsvri0bgga8fu75k.jpg\" alt=\"pose de parquet\" \/><figcaption class=\"elementor-image-carousel-caption\">pose de parquet<\/figcaption><\/figure><\/div>\t\t\t<\/div>\n\t\t\t\t\t\t\t\t\t\t\t\t<div class=\"swiper-pagination\"><\/div>\n\t\t\t\t\t\t\t\t\t\t\t\t\t<div class=\"elementor-swiper-button elementor-swiper-button-prev\">\n\t\t\t\t\t\t<i aria-hidden=\"true\" class=\"eicon-chevron-left\"><\/i>\t\t\t\t\t\t<span class=\"elementor-screen-only\">Pr\u00e9c\u00e9dent<\/span>\n\t\t\t\t\t<\/div>\n\t\t\t\t\t<div class=\"elementor-swiper-button elementor-swiper-button-next\">\n\t\t\t\t\t\t<i aria-hidden=\"true\" class=\"eicon-chevron-right\"><\/i>\t\t\t\t\t\t<span class=\"elementor-screen-only\">Suivant<\/span>\n\t\t\t\t\t<\/div>\n\t\t\t\t\t\t\t\t\t<\/div>\n\t\t\t\t<\/div>\n\t\t\t\t<\/div>\n\t\t\t\t\t\t<\/div>\n\t\t\t\t\t<\/div>\n\t\t<\/div>\n\t\t\t\t\t\t\t\t<\/div>\n\t\t\t\t\t<\/div>\n\t\t<\/section>\n\t\t\t\t<section class=\"elementor-section elementor-top-section elementor-element elementor-element-fe0b60f elementor-section-boxed elementor-section-height-default elementor-section-height-default\" data-id=\"fe0b60f\" data-element_type=\"section\">\n\t\t\t\t\t\t<div class=\"elementor-container elementor-column-gap-default\">\n\t\t\t\t\t\t\t<div class=\"elementor-row\">\n\t\t\t\t\t<div class=\"elementor-column elementor-col-100 elementor-top-column elementor-element elementor-element-e3c5c3b\" data-id=\"e3c5c3b\" data-element_type=\"column\">\n\t\t\t<div class=\"elementor-column-wrap elementor-element-populated\">\n\t\t\t\t\t\t\t<div class=\"elementor-widget-wrap\">\n\t\t\t\t\t\t<div class=\"elementor-element elementor-element-6178a5e elementor-widget__width-inherit elementor-widget elementor-widget-text-editor\" data-id=\"6178a5e\" data-element_type=\"widget\" data-widget_type=\"text-editor.default\">\n\t\t\t\t<div class=\"elementor-widget-container\">\n\t\t\t\t\t\t\t\t<div class=\"elementor-text-editor elementor-clearfix\">\n\t\t\t\t<p>Pose de parquet, coloris au choix. Parquet flottant, Parquet coll\u00e9, pose traditionnelle ou en point de Hongrie.<\/p><p>R\u00e9alisation de plainte bois sur mesure<\/p><p>R\u00e9alisation sur mesure, selon votre habitation, id\u00e9es conseils, devis gratuit.<\/p><p>R\u00e9alisations en ch\u00eane, peinte, vernis, design&#8230;<\/p><p>Vous avez une id\u00e9e, nous pouvons vous la r\u00e9aliser, m\u00e9lange de mat\u00e9riaux ancien et moderne, contemporain industriel&#8230;.<\/p><p>Art du Bois r\u00e9alisation sur mesure pour votre int\u00e9rieur et ext\u00e9rieur<\/p><p><strong>Art du Bois<\/strong><\/p><p><strong>\u00ab\u00a0Gros &amp; Fils\u00a0\u00bb<\/strong><\/p><p><strong>180 avenue de l&rsquo;\u00e9galit\u00e9<\/strong><\/p><p><strong>84800 isle sur la sorgue<\/strong><\/p><p><strong>04.90.38.40.28<\/strong><\/p>\t\t\t\t\t<\/div>\n\t\t\t\t\t\t<\/div>\n\t\t\t\t<\/div>\n\t\t\t\t\t\t<\/div>\n\t\t\t\t\t<\/div>\n\t\t<\/div>\n\t\t\t\t\t\t\t\t<\/div>\n\t\t\t\t\t<\/div>\n\t\t<\/section>\n\t\t\t\t<section class=\"elementor-section elementor-top-section elementor-element elementor-element-998c6a5 elementor-section-boxed elementor-section-height-default elementor-section-height-default\" data-id=\"998c6a5\" data-element_type=\"section\">\n\t\t\t\t\t\t<div class=\"elementor-container elementor-column-gap-default\">\n\t\t\t\t\t\t\t<div class=\"elementor-row\">\n\t\t\t\t\t<div class=\"elementor-column elementor-col-100 elementor-top-column elementor-element elementor-element-1a9d041\" data-id=\"1a9d041\" data-element_type=\"column\">\n\t\t\t<div class=\"elementor-column-wrap elementor-element-populated\">\n\t\t\t\t\t\t\t<div class=\"elementor-widget-wrap\">\n\t\t\t\t\t\t<div class=\"elementor-element elementor-element-31ed9f9 elementor-widget elementor-widget-google_maps\" data-id=\"31ed9f9\" data-element_type=\"widget\" data-widget_type=\"google_maps.default\">\n\t\t\t\t<div class=\"elementor-widget-container\">\n\t\t\t\t\t<div class=\"elementor-custom-embed\">\n\t\t\t<iframe frameborder=\"0\" scrolling=\"no\" marginheight=\"0\" marginwidth=\"0\"\n\t\t\t\t\tsrc=\"https:\/\/maps.google.com\/maps?q=180%20avenur%20de%20l%27egalit%C3%A9%20isle%20sur%20la%20sorgue&#038;t=m&#038;z=14&#038;output=embed&#038;iwloc=near\"\n\t\t\t\t\ttitle=\"180 avenur de l&#039;egalit\u00e9 isle sur la sorgue\"\n\t\t\t\t\taria-label=\"180 avenur de l&#039;egalit\u00e9 isle sur la sorgue\"\n\t\t\t><\/iframe>\n\t\t<\/div>\n\t\t\t\t<\/div>\n\t\t\t\t<\/div>\n\t\t\t\t\t\t<\/div>\n\t\t\t\t\t<\/div>\n\t\t<\/div>\n\t\t\t\t\t\t\t\t<\/div>\n\t\t\t\t\t<\/div>\n\t\t<\/section>\n\t\t\t\t\t\t<\/div>\n\t\t\t\t\t\t<\/div>\n\t\t\t\t\t<\/div>\n\t\t","protected":false},"excerpt":{"rendered":"<p>R\u00e9alisation Pose de Parquet Art du Bois PARQUET POSE POINT DE HONGRIE PARQUET GRIS PARQUET POSE POINT DE HONGRIE PARQUET CHENE BRUT PARQUET CHENE PARQUET MEZANINE pose de parquet parquet bois chene parquet chene vernie pose de parquet Pr\u00e9c\u00e9dent Suivant Pose de parquet, coloris au choix. Parquet flottant, Parquet coll\u00e9, pose traditionnelle ou en point &hellip;<\/p>\n<p class=\"read-more\"> <a class=\"\" href=\"https:\/\/menuiserie-artdubois84.fr\/?page_id=876\"> <span class=\"screen-reader-text\">PARQUET<\/span> Lire la suite\u00a0\u00bb<\/a><\/p>\n","protected":false},"author":1,"featured_media":1037,"parent":0,"menu_order":0,"comment_status":"closed","ping_status":"closed","template":"","meta":{"footnotes":""},"class_list":["post-876","page","type-page","status-publish","has-post-thumbnail","hentry"],"yoast_head":"<!-- This site is optimized with the Yoast SEO plugin v15.3 - https:\/\/yoast.com\/wordpress\/plugins\/seo\/ -->\n<title>agencement interieur sur mesure-pose de parquet- art du bois<\/title>\n<meta name=\"description\" content=\"Pose de parquet-r\u00e9alisation sur mesure de votre agencment int\u00e9rieur-coloris et choix de qualit\u00e9.Art du bois meneuiserie situ\u00e9 \u00e0 l&#039;isle sur la sorgue.\" \/>\n<meta name=\"robots\" content=\"index, follow, max-snippet:-1, max-image-preview:large, max-video-preview:-1\" \/>\n<link rel=\"canonical\" href=\"https:\/\/menuiserie-artdubois84.fr\/?page_id=876\" \/>\n<meta property=\"og:locale\" content=\"fr_FR\" \/>\n<meta property=\"og:type\" content=\"article\" \/>\n<meta property=\"og:title\" content=\"agencement interieur sur mesure-pose de parquet- art du bois\" \/>\n<meta property=\"og:description\" content=\"Pose de parquet-r\u00e9alisation sur mesure de votre agencment int\u00e9rieur-coloris et choix de qualit\u00e9.Art du bois meneuiserie situ\u00e9 \u00e0 l&#039;isle sur la sorgue.\" \/>\n<meta property=\"og:url\" content=\"https:\/\/menuiserie-artdubois84.fr\/?page_id=876\" \/>\n<meta property=\"og:site_name\" content=\"ART DU BOIS &quot;Gros &amp; Fils&quot;\" \/>\n<meta property=\"article:modified_time\" content=\"2020-05-18T07:02:43+00:00\" \/>\n<meta property=\"og:image\" content=\"https:\/\/menuiserie-artdubois84.fr\/wp-content\/uploads\/2020\/05\/20181008_212320-2.jpg\" \/>\n\t<meta property=\"og:image:width\" content=\"450\" \/>\n\t<meta property=\"og:image:height\" content=\"310\" \/>\n<meta name=\"twitter:card\" content=\"summary_large_image\" \/>\n<meta name=\"twitter:label1\" content=\"\u00c9crit par\">\n\t<meta name=\"twitter:data1\" content=\"admin1174\">\n\t<meta name=\"twitter:label2\" content=\"Dur\u00e9e de lecture est.\">\n\t<meta name=\"twitter:data2\" content=\"1 minute\">\n<script type=\"application\/ld+json\" class=\"yoast-schema-graph\">{\"@context\":\"https:\/\/schema.org\",\"@graph\":[{\"@type\":\"WebSite\",\"@id\":\"https:\/\/menuiserie-artdubois84.fr\/#website\",\"url\":\"https:\/\/menuiserie-artdubois84.fr\/\",\"name\":\"ART DU BOIS &quot;Gros &amp; Fils&quot;\",\"description\":\"Menuiserie Bois  - Maitre Artisan\",\"potentialAction\":[{\"@type\":\"SearchAction\",\"target\":\"https:\/\/menuiserie-artdubois84.fr\/?s={search_term_string}\",\"query-input\":\"required name=search_term_string\"}],\"inLanguage\":\"fr-FR\"},{\"@type\":\"ImageObject\",\"@id\":\"https:\/\/menuiserie-artdubois84.fr\/?page_id=876#primaryimage\",\"inLanguage\":\"fr-FR\",\"url\":\"https:\/\/menuiserie-artdubois84.fr\/wp-content\/uploads\/2020\/05\/20181008_212320-2.jpg\",\"width\":450,\"height\":310,\"caption\":\"PARQUET art du bois\"},{\"@type\":\"WebPage\",\"@id\":\"https:\/\/menuiserie-artdubois84.fr\/?page_id=876#webpage\",\"url\":\"https:\/\/menuiserie-artdubois84.fr\/?page_id=876\",\"name\":\"agencement interieur sur mesure-pose de parquet- art du bois\",\"isPartOf\":{\"@id\":\"https:\/\/menuiserie-artdubois84.fr\/#website\"},\"primaryImageOfPage\":{\"@id\":\"https:\/\/menuiserie-artdubois84.fr\/?page_id=876#primaryimage\"},\"datePublished\":\"2020-05-04T13:12:23+00:00\",\"dateModified\":\"2020-05-18T07:02:43+00:00\",\"description\":\"Pose de parquet-r\\u00e9alisation sur mesure de votre agencment int\\u00e9rieur-coloris et choix de qualit\\u00e9.Art du bois meneuiserie situ\\u00e9 \\u00e0 l'isle sur la sorgue.\",\"inLanguage\":\"fr-FR\",\"potentialAction\":[{\"@type\":\"ReadAction\",\"target\":[\"https:\/\/menuiserie-artdubois84.fr\/?page_id=876\"]}]}]}<\/script>\n<!-- \/ Yoast SEO plugin. -->","_links":{"self":[{"href":"https:\/\/menuiserie-artdubois84.fr\/index.php?rest_route=\/wp\/v2\/pages\/876","targetHints":{"allow":["GET"]}}],"collection":[{"href":"https:\/\/menuiserie-artdubois84.fr\/index.php?rest_route=\/wp\/v2\/pages"}],"about":[{"href":"https:\/\/menuiserie-artdubois84.fr\/index.php?rest_route=\/wp\/v2\/types\/page"}],"author":[{"embeddable":true,"href":"https:\/\/menuiserie-artdubois84.fr\/index.php?rest_route=\/wp\/v2\/users\/1"}],"replies":[{"embeddable":true,"href":"https:\/\/menuiserie-artdubois84.fr\/index.php?rest_route=%2Fwp%2Fv2%2Fcomments&post=876"}],"version-history":[{"count":8,"href":"https:\/\/menuiserie-artdubois84.fr\/index.php?rest_route=\/wp\/v2\/pages\/876\/revisions"}],"predecessor-version":[{"id":1192,"href":"https:\/\/menuiserie-artdubois84.fr\/index.php?rest_route=\/wp\/v2\/pages\/876\/revisions\/1192"}],"wp:featuredmedia":[{"embeddable":true,"href":"https:\/\/menuiserie-artdubois84.fr\/index.php?rest_route=\/wp\/v2\/media\/1037"}],"wp:attachment":[{"href":"https:\/\/menuiserie-artdubois84.fr\/index.php?rest_route=%2Fwp%2Fv2%2Fmedia&parent=876"}],"curies":[{"name":"wp","href":"https:\/\/api.w.org\/{rel}","templated":true}]}}